{"id":9181,"date":"2021-11-19T19:46:02","date_gmt":"2021-11-19T18:46:02","guid":{"rendered":"https:\/\/www.nanoclean-air.com\/?post_type=product&#038;p=9181"},"modified":"2024-11-19T12:12:49","modified_gmt":"2024-11-19T11:12:49","slug":"nanoclean-air-400ml-aerosol-for-rengjoring-frisking-avfuktning-og-desinfeksjon","status":"publish","type":"product","link":"https:\/\/www.nanoclean-air.com\/no\/product\/nanoclean-air-400ml-aerosol-for-rengjoring-frisking-avfuktning-og-desinfeksjon\/","title":{"rendered":"NANOCLEAN\u00ae AIR 400ml Aerosol for rengj\u00f8ring, frisking, avfuktning og desinfeksjon"},"content":{"rendered":"<p><strong>RENGJ\u00d8RING, FRISKING AV KLIMAANLEGG<\/strong><br \/>\n\u2022 Den fjerner effektivt alle forurensninger som kan p\u00e5virke luftkvaliteten.<br \/>\n\u2022 Permanet fjerner ubehagelig lukt fra sopp og fuktighet.<br \/>\n\u2022 Kompatibel med materialer \u2013 skumsprayen er sikker for de fleste metaller, malte overflater, gummi, plast, stoffer.<br \/>\n\u2022 Etter fordampning etterlater den en t\u00f8rr og ren overflate, motstandsdyktig mot \u00e5 tiltrekke st\u00f8v.<br \/>\n\u2022 Aerosolen har to dyser: en for overflatetilf\u00f8rsel og en 60 cm slange med 360\u00b0 dyse for HVAC-lukkede kanaler.<\/p>\n<p><strong>AVFUKTING OG DESINFISERING AV KLIMAANLEGG<\/strong><br \/>\n\u2022 Den eneste formuleringen med FULL BIOCIDAL SPECTRUM (Virus, Bakterier, Sopp, Mykobakterier, Sporer opptil 15 minutter).<br \/>\n\u2022 Fjerner Legionella pneumophila p\u00e5 1 minutt.<br \/>\n\u2022 Effektivitet bekreftet gjennom tester i henhold til europeiske standarder: EN1040, EN13727, EN1276, EN13697, EN13623, EN1275, EN1650, EN14476, EN13704, EN14348.<br \/>\n\u2022 Biocidproduktgodkjenning No. 7364\/18.<br \/>\n\u2022 PZH-godkjenning No. B.BK.60112.0333.2023.<br \/>\n\u2022 En ny standard for sikkerhet mot luftb\u00e5rne infeksjoner og kontaminering.<\/p>\n<p><strong>SPAREPOTENSIALE<\/strong><br \/>\n\u2022 Presis applikator \u2013 100 % utnyttelse av produktet.<br \/>\n\u2022 Rengj\u00f8ring, avfuktning, desinfeksjon, frisking, beskyttelse.<\/p>\n<p><strong>KUNDENS FORN\u00d8YDHET<\/strong><br \/>\n\u2022 Behagelig, langvarig duft.<br \/>\n\u2022 Ingen brannfare ved lagring \u2013 et vannbasert, ikke-brennbart produkt.<br \/>\n\u2022 Inneholder ikke syrer, fenoler (farlige for gravide og dyr) og organiske l\u00f8semidler.<br \/>\n\u2022 Full kundetilfredshet \u2013 ingen klager.<\/p>\n<p>Biocidprodukter b\u00f8r brukes med forsiktighet.<br \/>\nLes etiketten og produktinformasjonen f\u00f8r hver bruk.<\/p>\n","protected":false},"excerpt":{"rendered":"<p><strong>Presist formulert aktiv aerosol-skum for rengj\u00f8ring, frisking, avfuktning og desinfeksjon av fordampere, kondensatorer i klimaanlegg og andre komponenter i klimaanlegg og kj\u00f8le- og ventilasjonsutstyr (HVAC).<br \/>\nDen eneste formuleringen med FULL BIOCIDAL SPECTRUM (opptil 15 minutter).<br \/>\nEtterlater en behagelig, frisk duft.<br \/>\n\u2022 FRISKHET. <\/strong>Fjerner ubehagelig lukt og etterlater en behagelig duft i lengre tid.<strong><br \/>\n\u2022 TILLIT. FULLT BIOCIDAL SPECTRUM: <\/strong>Virus, sopp, bakterier, sporer, mykobakterier. Legionella pneumophila p\u00e5 1 minutt.<br \/>\n<strong>\u2022 EFFEKTIVITET. <\/strong>Bekreftet gjennom tester i henhold til europeiske standarder: EN1040, EN13727, EN1276, EN13697, EN13623, EN1275, EN1650, EN14476, EN13704, EN14348.<strong><br \/>\n\u2022 RENGJ\u00d8RINGSEFFEKT. <\/strong>Takket v\u00e6re den flerkomponentaktive basen.<strong><br \/>\n\u2022 FORN\u00d8YDE KUNDER. <\/strong>Med effektiv rengj\u00f8ring og desinfeksjon.<br \/>\n<strong>ALLT I ETT = RENGJ\u00d8RING + FRISKING + AVFUKTING + DESINFISERING = 1 PRODUKT = 1 PROSESS<\/strong><\/p>\n","protected":false},"featured_media":9258,"comment_status":"open","ping_status":"closed","template":"","meta":[],"product_brand":[],"product_cat":[350],"product_tag":[],"class_list":{"0":"post-9181","1":"product","2":"type-product","3":"status-publish","4":"has-post-thumbnail","6":"product_cat-hvac-no","7":"pa_capacity-400-ml-no","9":"first","10":"instock","11":"featured","12":"taxable","13":"shipping-taxable","14":"product-type-simple"},"_links":{"self":[{"href":"https:\/\/www.nanoclean-air.com\/no\/wp-json\/wp\/v2\/product\/9181","targetHints":{"allow":["GET"]}}],"collection":[{"href":"https:\/\/www.nanoclean-air.com\/no\/wp-json\/wp\/v2\/product"}],"about":[{"href":"https:\/\/www.nanoclean-air.com\/no\/wp-json\/wp\/v2\/types\/product"}],"replies":[{"embeddable":true,"href":"https:\/\/www.nanoclean-air.com\/no\/wp-json\/wp\/v2\/comments?post=9181"}],"wp:featuredmedia":[{"embeddable":true,"href":"https:\/\/www.nanoclean-air.com\/no\/wp-json\/wp\/v2\/media\/9258"}],"wp:attachment":[{"href":"https:\/\/www.nanoclean-air.com\/no\/wp-json\/wp\/v2\/media?parent=9181"}],"wp:term":[{"taxonomy":"product_brand","embeddable":true,"href":"https:\/\/www.nanoclean-air.com\/no\/wp-json\/wp\/v2\/product_brand?post=9181"},{"taxonomy":"product_cat","embeddable":true,"href":"https:\/\/www.nanoclean-air.com\/no\/wp-json\/wp\/v2\/product_cat?post=9181"},{"taxonomy":"product_tag","embeddable":true,"href":"https:\/\/www.nanoclean-air.com\/no\/wp-json\/wp\/v2\/product_tag?post=9181"}],"curies":[{"name":"wp","href":"https:\/\/api.w.org\/{rel}","templated":true}]}}