{"id":9808,"date":"2024-04-08T07:36:40","date_gmt":"2024-04-08T05:36:40","guid":{"rendered":"https:\/\/www.nanoclean-air.com\/?post_type=product&#038;p=9808"},"modified":"2024-11-20T07:40:47","modified_gmt":"2024-11-20T06:40:47","slug":"nanoclean-air-klar-til-bruk-20l-for-rengjoring-frisking-avfuktning-og-desinfeksjon","status":"publish","type":"product","link":"https:\/\/www.nanoclean-air.com\/no\/product\/nanoclean-air-klar-til-bruk-20l-for-rengjoring-frisking-avfuktning-og-desinfeksjon\/","title":{"rendered":"NANOCLEAN\u00ae AIR Klar til bruk 20L, for rengj\u00f8ring, frisking, avfuktning og desinfeksjon"},"content":{"rendered":"<p><strong>RENGJ\u00d8RING, FRISKING AV KLIMAANLEGG<\/strong><br \/>\n\u2022 Fjerner effektivt alle forurensninger som kan p\u00e5virke luftkvaliteten.<br \/>\n\u2022 Fjerner permanent ubehagelig lukt fra sopp og fukt.<br \/>\n\u2022 Kompatibel med materialer \u2013 den klare til bruk-formuleringen er trygg for de fleste metaller, malte overflater, gummi, plast og tekstiler.<br \/>\n\u2022 Etter fordamping etterlater den en t\u00f8rr og ren overflate som er motstandsdyktig mot \u00e5 tiltrekke st\u00f8v.<\/p>\n<p><strong>AVFUKTNING OG DESINFISKSJON AV KLIMAANLEGG<\/strong><br \/>\n\u2022 Den eneste formuleringen med FULLT BIOCIDAL SPECTRUM (Virus, Bakterier, Sopp, Mykobakterier, Sporer p\u00e5 opptil 15 minutter).<br \/>\n\u2022 Fjerner Legionella pneumophila p\u00e5 1 minutt.<br \/>\n\u2022 Effektivitet bekreftet gjennom tester i henhold til europeiske standarder: EN1040, EN13727, EN1276, EN13697, EN13623, EN1275, EN1650, EN14476, EN13704, EN14348.<br \/>\n\u2022 Biocidal Product Marketing Permit No. 7406\/18.<br \/>\n\u2022 PZH-godkjenning nr. B.BK.60112.0333.2023.<br \/>\n\u2022 En ny standard for sikkerhet mot luftb\u00e5rne infeksjoner og forurensning.<\/p>\n<p><strong>TIDSPARING<\/strong><br \/>\n\u2022 Rengj\u00f8rer, frisker opp, avfukter, desinfiserer og beskytter.<\/p>\n<p><strong>KUNDENS FORN\u00d8YELSE<\/strong><br \/>\n\u2022 Behagelig og langvarig duft.<br \/>\n\u2022 Ingen brannfare under lagring \u2013 et vannbasert, ikke-brannfarlig produkt.<br \/>\n\u2022 Inneholder ikke syrer, fenoler (farlige for gravide og dyr) eller organiske l\u00f8semidler.<br \/>\n\u2022 Full kundetilfredshet \u2013 ingen klager.<\/p>\n<p><strong>Biocidprodukter skal brukes med forsiktighet. Les etiketten og produktinformasjonen f\u00f8r hver bruk.<\/strong><\/p>\n","protected":false},"excerpt":{"rendered":"<p>Den eneste formuleringen p\u00e5 markedet for rengj\u00f8ring, frisking, avfuktning og desinfeksjon av fordampere og kondensatorer i klimaanlegg og annet HVAC-kj\u00f8le- og klimaanleggutstyr med FULLT BIOCIDAL SPECTRUM p\u00e5 opptil 15 minutter. Den fjerner effektivt alle forurensninger som kan p\u00e5virke luftkvaliteten. Den etterlater en forfriskende duft.<br \/>\n\u2022 <strong>FRISKHET<\/strong>. Fjerner ubehagelig lukt og etterlater en behagelig duft i lengre tid.<br \/>\n\u2022 <strong>TRYGGHET<\/strong>.<br \/>\nFULLT BIOCIDAL SPECTRUM: Virus, sopp, bakterier, sporer, mykobakterier. Legionella pneumophila p\u00e5 1 minutt.<br \/>\n\u2022 <strong>EFFEKTIVITET<\/strong>. Bekreftet gjennom tester i henhold til europeiske standarder: EN1040, EN13727, EN1276, EN13697, EN13623, EN1275, EN1650, EN14476, EN13704, EN14348.<br \/>\n\u2022 <strong>RENGJ\u00d8RINGSEFFEKTIVITET<\/strong>. Takket v\u00e6re den flerkomponentaktive basen.<br \/>\n\u2022 <strong>FORN\u00d8YDE KUNDER<\/strong>. Med effektiv rengj\u00f8ring og desinfeksjon.<br \/>\n<strong>ALL IN ONE<\/strong> = RENGJ\u00d8RING + FRISKING + AVFUKTNING + DESINFISKSJON = 1 PRODUKT = 1 PROSESS<\/p>\n","protected":false},"featured_media":9719,"comment_status":"open","ping_status":"closed","template":"","meta":[],"product_brand":[],"product_cat":[350],"product_tag":[],"class_list":{"0":"post-9808","1":"product","2":"type-product","3":"status-publish","4":"has-post-thumbnail","6":"product_cat-hvac-no","7":"pa_capacity-20-l-no","8":"pa_smell-lavendel-no","9":"pa_smell-orchidea-no","10":"pa_smell-sitrus","11":"pa_smell-uten-lukt","13":"first","14":"instock","15":"featured","16":"taxable","17":"shipping-taxable","18":"product-type-variable"},"_links":{"self":[{"href":"https:\/\/www.nanoclean-air.com\/no\/wp-json\/wp\/v2\/product\/9808","targetHints":{"allow":["GET"]}}],"collection":[{"href":"https:\/\/www.nanoclean-air.com\/no\/wp-json\/wp\/v2\/product"}],"about":[{"href":"https:\/\/www.nanoclean-air.com\/no\/wp-json\/wp\/v2\/types\/product"}],"replies":[{"embeddable":true,"href":"https:\/\/www.nanoclean-air.com\/no\/wp-json\/wp\/v2\/comments?post=9808"}],"wp:featuredmedia":[{"embeddable":true,"href":"https:\/\/www.nanoclean-air.com\/no\/wp-json\/wp\/v2\/media\/9719"}],"wp:attachment":[{"href":"https:\/\/www.nanoclean-air.com\/no\/wp-json\/wp\/v2\/media?parent=9808"}],"wp:term":[{"taxonomy":"product_brand","embeddable":true,"href":"https:\/\/www.nanoclean-air.com\/no\/wp-json\/wp\/v2\/product_brand?post=9808"},{"taxonomy":"product_cat","embeddable":true,"href":"https:\/\/www.nanoclean-air.com\/no\/wp-json\/wp\/v2\/product_cat?post=9808"},{"taxonomy":"product_tag","embeddable":true,"href":"https:\/\/www.nanoclean-air.com\/no\/wp-json\/wp\/v2\/product_tag?post=9808"}],"curies":[{"name":"wp","href":"https:\/\/api.w.org\/{rel}","templated":true}]}}