{"id":1145,"date":"2021-12-02T14:10:36","date_gmt":"2021-12-02T13:10:36","guid":{"rendered":"https:\/\/www.nanoclean-air.com\/?post_type=product&#038;p=1145"},"modified":"2024-08-08T17:27:26","modified_gmt":"2024-08-08T15:27:26","slug":"ac-7003-zestaw-sucha-mgla-dla-auto-warsztatow-auto-klima","status":"publish","type":"product","link":"https:\/\/www.nanoclean-air.com\/pl\/product\/ac-7003-zestaw-sucha-mgla-dla-auto-warsztatow-auto-klima\/","title":{"rendered":"ZESTAW SUCHA MG\u0141A dla auto-warsztat\u00f3w (AC-6903) p\u0142yn 1L na 10 aut + Pistolet + G\u0142owica zamg\u0142awiaj\u0105ca + Szybkoz\u0142\u0105cze"},"content":{"rendered":"\n\t<section class=\"section\" id=\"section_1370753033\">\n\t\t<div class=\"section-bg fill\" >\n\t\t\t\t\t\t\t\t\t\n\t\t\t\n\n\t\t<\/div>\n\n\t\t\n\n\t\t<div class=\"section-content relative\">\n\t\t\t\n<div class=\"row\"  id=\"row-1030063396\">\n\n\t<div id=\"col-1109242877\" class=\"col medium-6 small-12 large-6\"  >\n\t\t\t\t<div class=\"col-inner\"  >\n\t\t\t\n\t\t\t\n<p>W sk\u0142ad zestawu wchodzi:<\/p>\n<p><strong>1. AC-69G5C NANOCLEAN<strong style=\"color: #555555; font-size: 14.4px;\">\u00ae<\/strong> AIR Gotowy do u\u017cycia o zapachu cytrusowym lub lawendowym (1 butelka o poj. 1 L).<\/strong><\/p>\n<ul>\n<li>Innowacyjny p\u0142yn gotowy do u\u017cycia do skutecznego <strong>czyszczenia, od\u015bwie\u017cania, odgrzybiania i dezynfekcji<\/strong> uk\u0142ad\u00f3w klimatyzacji i wentylacji w pojazdach.<\/li>\n<li>Likwiduje bakterie <em>Leginella pneumophila<\/em> w czasie 1 minuty.<\/li>\n<li>PE\u0141NE SPEKTRUM BIOB\u00d3JCZE: <strong>wirusy, grzyby, ple\u015bnie, bakterie, pr\u0105tki, spory w czasie <\/strong><strong>15 minut.<\/strong><\/li>\n<li>Skuteczno\u015b\u0107 potwierdzona badaniami wed\u0142ug norm europejskich:<br \/>\nEN13697, EN13623, EN1040, EN1276, EN13727, EN1275, EN1650, EN13704, EN14476, EN14348<\/li>\n<li><strong>Trwale usuwa przykry zapach.<\/strong><\/li>\n<li>Wydajno\u015b\u0107: 1L p\u0142ynu wystarczy do zamg\u0142awiania ok. 10 aut.<\/li>\n<li>Pozwolenie na obr\u00f3t produktem biob\u00f3jczym nr 7406\/18.<\/li>\n<li><strong>Mo\u017cliwo\u015b\u0107 zastosowania p\u0142ynu r\u00f3wnie\u017c w urz\u0105dzeniach ultrad\u017awi\u0119kowych.<\/strong><\/li>\n<\/ul>\n<p><strong>2. AC-69GUN NANOCLEAN\u00ae GUN<\/strong><\/p>\n<p>Ci\u015bnieniowy pistolet dozuj\u0105cy ze zbiornikiem 1L na spr\u0119\u017cone powietrze do 10 bar przeznaczony<br \/>\ndo dozowania p\u0142ynu NANOCLEAN\u00ae AIR przy u\u017cyciu lancy INOX , lancy AC-69NYLON<br \/>\nlub przez g\u0142owic\u0119 AC-69FUMI.<\/p>\n<p><strong>3. AC-69FUMI<\/strong>\u00a0<strong>NANOCLEAN\u00ae FUMI-1<\/strong><\/p>\n<p>Specjalistyczna g\u0142owica do zamg\u0142awiania such\u0105 mg\u0142\u0105 w pomieszczeniach i pojazdach.<br \/>\n(\u0141atwo\u015b\u0107 monta\u017cu z pistoletem ci\u015bnieniowym za pomoc\u0105 szybkoz\u0142\u0105cza)<\/p>\n\t\t<\/div>\n\t\t\t\t\t<\/div>\n\n\t\n\n\t<div id=\"col-964716257\" class=\"col medium-6 small-12 large-6\"  >\n\t\t\t\t<div class=\"col-inner\"  >\n\t\t\t\n\t\t\t\n<div class=\"video video-fit mb\" style=\"padding-top:56.25%;\"><p><iframe loading=\"lazy\" title=\"NANOCLEAN\u00aeAIR + G\u0141OWICA AC-69FUMI\" width=\"1020\" height=\"574\" src=\"https:\/\/www.youtube.com\/embed\/k4hEaLLxWbA?feature=oembed\" frameborder=\"0\" allow=\"accelerometer; autoplay; clipboard-write; encrypted-media; gyroscope; picture-in-picture\" allowfullscreen><\/iframe><\/p>\n<\/div>\n\t\t<\/div>\n\t\t\t\t\t<\/div>\n\n\t\n<\/div>\n\t\t<\/div>\n\n\t\t\n<style>\n#section_1370753033 {\n  padding-top: 30px;\n  padding-bottom: 30px;\n}\n<\/style>\n\t<\/section>\n\t\n<p>Produkt\u00f3w biob\u00f3jczych nale\u017cy u\u017cywa\u0107 z zachowaniem \u015brodk\u00f3w ostro\u017cno\u015bci. Przed ka\u017cdym u\u017cyciem nale\u017cy przeczyta\u0107 etykiet\u0119 i informacje dotycz\u0105ce produktu.<\/p>\n","protected":false},"excerpt":{"rendered":"<p>AC-6903 ZESTAW SUCHA MG\u0141A \u2013 zestaw gotowy do u\u017cycia przeznaczony\u00a0 do dezynfekcji wn\u0119trz pojazd\u00f3w metod\u0105 zamg\u0142awiania.<\/p>\n<ul>\n<li style=\"text-align: left;\"><strong>\u015aWIE\u017bO\u015a\u0106.<\/strong> Usuwa przykr\u0105 wo\u0144 pozostawiaj\u0105c przyjemny zapach na d\u0142u\u017cej.<\/li>\n<li><strong>PEWNO\u015a\u0106. PE\u0141NE SPEKTRUM BIOB\u00d3JCZE:<\/strong><br \/>\nwirusy, grzyby, bakterie, spory, pr\u0105tki.<br \/>\n<em style=\"color: #555555;\">Legionella pneumophila<\/em><span style=\"color: #555555;\"> w czasie 1 minuty.<br \/>\n<\/span><\/li>\n<li><strong>SKUTECZNO\u015a\u0106.<\/strong> Potwierdzona badaniami wed\u0142ug norm europejskich:<br \/>\n<span style=\"color: #555555;\">EN1040, EN13727, EN1276, EN13697, EN13623, EN1275, EN1650, EN14476, EN13704, EN14348<\/span><\/li>\n<li><span style=\"color: #555555;\"><strong><span style=\"color: #282828;\">ZADOWOLENI KLIENCI<\/span>.<\/strong> Dzi\u0119ki skutecznej dezynfekcji.<\/span><\/li>\n<\/ul>\n<p><strong>W sk\u0142ad zestawu wchodzi:<\/strong><\/p>\n<ul>\n<li>NANOCLEAN\u00aeAIR Gotowy do u\u017cycia (1 butelka o poj. 1 L).<\/li>\n<li>AC-69GUN NANOCLEAN\u00ae GUN CI\u015aNIENIOWY PISTOLET DOZUJ\u0104CY (1 szt.)<\/li>\n<li>AC-69FUMI NANOCLEAN\u00ae FUMI-1 G\u0141OWICA ZAMG\u0141AWIAJ\u0104CA (1 szt.)<\/li>\n<li>AC-69AJ-PRZEGUB SZYBKOZ\u0141\u0104CZE (1 szt.) <span style=\"color: #ff0000;\"><strong>GRATIS<\/strong><\/span><\/li>\n<\/ul>\n<p>Jeste\u015bmy pewni jako\u015bci naszych produkt\u00f3w dlatego dajemy Ci gwarancj\u0119 100% satysfakcji. Je\u015bli nie b\u0119dziesz w pe\u0142ni zadowolony z zestawu, mo\u017cesz go zwr\u00f3ci\u0107 w ci\u0105gu 30 dni od daty zakupu, a zwrot pieni\u0119dzy otrzymasz do 7 dni po otrzymaniu przez nas zwr\u00f3conego towaru.<\/p>\n","protected":false},"featured_media":3719,"comment_status":"open","ping_status":"closed","template":"","meta":[],"product_brand":[],"product_cat":[17,48],"product_tag":[49],"class_list":{"0":"post-1145","1":"product","2":"type-product","3":"status-publish","4":"has-post-thumbnail","6":"product_cat-bez-kategorii","7":"product_cat-nanoclean","8":"product_tag-zestawy","9":"pa_smell-cytrusowy","10":"pa_smell-lawendowy","12":"first","13":"instock","14":"featured","15":"taxable","16":"shipping-taxable","17":"product-type-variable"},"_links":{"self":[{"href":"https:\/\/www.nanoclean-air.com\/pl\/wp-json\/wp\/v2\/product\/1145","targetHints":{"allow":["GET"]}}],"collection":[{"href":"https:\/\/www.nanoclean-air.com\/pl\/wp-json\/wp\/v2\/product"}],"about":[{"href":"https:\/\/www.nanoclean-air.com\/pl\/wp-json\/wp\/v2\/types\/product"}],"replies":[{"embeddable":true,"href":"https:\/\/www.nanoclean-air.com\/pl\/wp-json\/wp\/v2\/comments?post=1145"}],"wp:featuredmedia":[{"embeddable":true,"href":"https:\/\/www.nanoclean-air.com\/pl\/wp-json\/wp\/v2\/media\/3719"}],"wp:attachment":[{"href":"https:\/\/www.nanoclean-air.com\/pl\/wp-json\/wp\/v2\/media?parent=1145"}],"wp:term":[{"taxonomy":"product_brand","embeddable":true,"href":"https:\/\/www.nanoclean-air.com\/pl\/wp-json\/wp\/v2\/product_brand?post=1145"},{"taxonomy":"product_cat","embeddable":true,"href":"https:\/\/www.nanoclean-air.com\/pl\/wp-json\/wp\/v2\/product_cat?post=1145"},{"taxonomy":"product_tag","embeddable":true,"href":"https:\/\/www.nanoclean-air.com\/pl\/wp-json\/wp\/v2\/product_tag?post=1145"}],"curies":[{"name":"wp","href":"https:\/\/api.w.org\/{rel}","templated":true}]}}