{"id":1273,"date":"2021-12-08T14:49:48","date_gmt":"2021-12-08T13:49:48","guid":{"rendered":"https:\/\/www.nanoclean-air.com\/?post_type=product&#038;p=1273"},"modified":"2024-11-20T09:53:26","modified_gmt":"2024-11-20T08:53:26","slug":"nanoclean-air-gotowy-do-uzycia-500-ml-spryskiwacz","status":"publish","type":"product","link":"https:\/\/www.nanoclean-air.com\/pl\/product\/nanoclean-air-gotowy-do-uzycia-500-ml-spryskiwacz\/","title":{"rendered":"NANOCLEAN\u00ae AIR Gotowy do u\u017cycia PRO Sprayer 500 ml umo\u017cliwia spryskiwanie w pe\u0142nym zakresie 360\u00b0 \u2013 dzia\u0142a w ka\u017cdej pozycji"},"content":{"rendered":"<p><strong>NOWA BUTELKA-SPRYSKIWACZ<\/strong><br \/>\n\u2022 Nowy system ssania \u2013 umo\u017cliwia spryskiwanie w 360\u00b0 \u2013 dzia\u0142a w ka\u017cdej, dowolnej pozycji.<br \/>\n\u2022 Bezdotykowa, regulowana dysza \u2013 od mgie\u0142ki do strumienia.<br \/>\n\u2022 D\u0142ugi, ergonomiczny uchwyt do obs\u0142ugi trzema palcami.<br \/>\n\u2022 Zwi\u0119kszone ci\u015bnienie sprayu z dyszy.<br \/>\n\u2022 Przezroczysty pojemnik, dzi\u0119ki kt\u00f3remu mo\u017cna obserwowa\u0107 poziom p\u0142ynu.<br \/>\n\u2022 Wyd\u0142u\u017cona \u017cywotno\u015b\u0107.<br \/>\n\u2022 Odporno\u015b\u0107 chemiczna.<\/p>\n<p><strong>CZYSZCZENIE, OD\u015aWIE\u017bANIE KLIMATYZACJI<\/strong><br \/>\n\u2022 Skutecznie usuwa wszelkie zanieczyszczenia, kt\u00f3re mog\u0105 wp\u0142ywa\u0107 na jako\u015b\u0107 powietrza.<br \/>\n\u2022 Trwale eliminuje nieprzyjemny zapach grzyb\u00f3w i wilgoci.<br \/>\n\u2022 Kompatybilny z materia\u0142ami \u2013 gotowa do u\u017cycia formu\u0142a jest bezpieczna dla wi\u0119kszo\u015bci metali, powierzchni malowanych, gum, tworzyw sztucznych, tkanin.<br \/>\n\u2022 Po odparowaniu pozostawia such\u0105 i czyst\u0105 powierzchni\u0119 odporn\u0105 na przyci\u0105ganie kurzu.<\/p>\n<p><strong>USUWANIE DYM\u00d3W I DEZYNFEKCJA KLIMATYZACJI<\/strong><br \/>\n\u2022 Jedyny preparat z PE\u0141NYM SPECTREM BIOCYNALNYM (Wirusy, Bakterie, Grzyby, Mykobakterie, Zarodniki do 15 minut).<br \/>\n\u2022 Usuwa Legionell\u0119 pneumophil\u0119 w 1 minut\u0119.<br \/>\n\u2022 Skuteczno\u015b\u0107 potwierdzona testami zgodnie z normami europejskimi: EN1040, EN13727, EN1276, EN13697, EN13623, EN1275, EN1650, EN14476, EN13704, EN14348.<br \/>\n\u2022 Pozwolenie na wprowadzenie produktu biob\u00f3jczego nr 7406\/18.<br \/>\n\u2022 Aprobata PZH nr B.BK.60112.0333.2023.<br \/>\n\u2022 Nowy standard bezpiecze\u0144stwa w walce z zaka\u017ceniami i zanieczyszczeniami powietrznymi.<\/p>\n<p><strong>OSZCZ\u0118DNO\u015a\u0106 CZASU<\/strong><br \/>\n\u2022 Czy\u015bci, od\u015bwie\u017ca, usuwa dym, dezynfekuje, chroni.<\/p>\n<p><strong>ZADOWOLENIE KLIENT\u00d3W<\/strong><br \/>\n\u2022 Przyjemny, d\u0142ugotrwa\u0142y zapach.<br \/>\n\u2022 Brak ryzyka po\u017caru podczas przechowywania \u2013 produkt na bazie wody, niepalny.<br \/>\n\u2022 Nie zawiera kwas\u00f3w, fenoli (niebezpiecznych dla kobiet w ci\u0105\u017cy, zwierz\u0105t) ani rozpuszczalnik\u00f3w organicznych.<br \/>\n\u2022 Pe\u0142na satysfakcja klienta \u2013 brak reklamacji.<\/p>\n<p>Produkty biob\u00f3jcze nale\u017cy stosowa\u0107 z zachowaniem ostro\u017cno\u015bci.<br \/>\nPrzed ka\u017cdym u\u017cyciem nale\u017cy zapozna\u0107 si\u0119 z etykiet\u0105 i informacjami o produkcie.<\/p>\n","protected":false},"excerpt":{"rendered":"<p>Jedyne na rynku rozwi\u0105zanie do czyszczenia, od\u015bwie\u017cania, usuwania dymu i dezynfekcji parownik\u00f3w i skraplaczy klimatyzator\u00f3w oraz innych urz\u0105dze\u0144 HVAC do klimatyzacji i ch\u0142odzenia z pe\u0142nym SPECTREM BIOCYDALNYM w zaledwie 15 minut.<br \/>\nSkutecznie usuwa wszelkie zanieczyszczenia, kt\u00f3re mog\u0105 wp\u0142ywa\u0107 na jako\u015b\u0107 samego powietrza.<br \/>\nZostawia przyjemny, orze\u017awiaj\u0105cy zapach.<br \/>\n\u2022 <strong>\u015aWIE\u017bO\u015a\u0106.<\/strong> Usuwa nieprzyjemny zapach, pozostawiaj\u0105c przyjemny zapach na d\u0142u\u017cej.<br \/>\n\u2022 <strong>PEWNO\u015a\u0106.<\/strong><br \/>\nPE\u0141NE SPECTRUM BIOCIDALNE: Wirusy, grzyby, bakterie, zarodniki, pr\u0105tki. Legionella pneumophila w 1 minut\u0119.<br \/>\n\u2022 <strong>SKUTECZNO\u015a\u0106.<\/strong> Potwierdzona testami zgodnie z normami europejskimi: EN1040, EN13727, EN1276, EN13697, EN13623, EN1275, EN1650, EN14476, EN13704, EN14348<br \/>\n\u2022 <strong>SKUTECZNO\u015a\u0106 CZYSZCZENIA.<\/strong> Dzi\u0119ki wielosk\u0142adnikowej bazie aktywnej.<br \/>\n\u2022 <strong>ZADOWOLENIE KLIENT\u00d3W.<\/strong> Dzi\u0119ki skutecznemu czyszczeniu i dezynfekcji.<br \/>\nALL IN ONE = CZYSZCZENIE + OD\u015aWIE\u017bANIE + USUWANIE DYM\u00d3W + DEZYNFEKCJA = 1 PRODUKT = 1 PROCES<\/p>\n","protected":false},"featured_media":2090,"comment_status":"open","ping_status":"closed","template":"","meta":[],"product_brand":[],"product_cat":[74],"product_tag":[],"class_list":{"0":"post-1273","1":"product","2":"type-product","3":"status-publish","4":"has-post-thumbnail","6":"product_cat-klima-went","7":"pa_capacity-500-ml","9":"first","10":"instock","11":"featured","12":"taxable","13":"shipping-taxable","14":"product-type-variable"},"_links":{"self":[{"href":"https:\/\/www.nanoclean-air.com\/pl\/wp-json\/wp\/v2\/product\/1273","targetHints":{"allow":["GET"]}}],"collection":[{"href":"https:\/\/www.nanoclean-air.com\/pl\/wp-json\/wp\/v2\/product"}],"about":[{"href":"https:\/\/www.nanoclean-air.com\/pl\/wp-json\/wp\/v2\/types\/product"}],"replies":[{"embeddable":true,"href":"https:\/\/www.nanoclean-air.com\/pl\/wp-json\/wp\/v2\/comments?post=1273"}],"wp:featuredmedia":[{"embeddable":true,"href":"https:\/\/www.nanoclean-air.com\/pl\/wp-json\/wp\/v2\/media\/2090"}],"wp:attachment":[{"href":"https:\/\/www.nanoclean-air.com\/pl\/wp-json\/wp\/v2\/media?parent=1273"}],"wp:term":[{"taxonomy":"product_brand","embeddable":true,"href":"https:\/\/www.nanoclean-air.com\/pl\/wp-json\/wp\/v2\/product_brand?post=1273"},{"taxonomy":"product_cat","embeddable":true,"href":"https:\/\/www.nanoclean-air.com\/pl\/wp-json\/wp\/v2\/product_cat?post=1273"},{"taxonomy":"product_tag","embeddable":true,"href":"https:\/\/www.nanoclean-air.com\/pl\/wp-json\/wp\/v2\/product_tag?post=1273"}],"curies":[{"name":"wp","href":"https:\/\/api.w.org\/{rel}","templated":true}]}}