{"id":181,"date":"2021-09-20T10:30:09","date_gmt":"2021-09-20T08:30:09","guid":{"rendered":"https:\/\/www.nanoclean-air.com\/?post_type=product&#038;p=181"},"modified":"2024-09-02T09:39:40","modified_gmt":"2024-09-02T07:39:40","slug":"ac-69nylon-nanoclean-nylon-ac160-lanca-elastyczna-nylonowa-360","status":"publish","type":"product","link":"https:\/\/www.nanoclean-air.com\/pl\/product\/ac-69nylon-nanoclean-nylon-ac160-lanca-elastyczna-nylonowa-360\/","title":{"rendered":"NANOCLEAN\u00ae NYLON AC160 Lanca elastyczna Nylonowa 360\u00b0(AC-69NYLON)"},"content":{"rendered":"<p>P\u0142yn NANOCLEAN\u00ae AIR, Pistolet Ci\u015bnieniowy NANOCLEAN\u00ae GUN, lanca NANOCLEAN\u00ae INOX AC45, lanca NANOCLEAN\u00ae NYLON, sprzedawane s\u0105 osobno lub w zestawach:<br \/>\nAC-6901 ZESTAW STAROWY lub AC-6902 ZESTAW PRAKTYCZNY z p\u0142ynem gotowym do u\u017cycia NANOCLEAN AIR.<\/p>\n<p>&nbsp;<\/p>\n<p>&nbsp;<\/p>\n<p><iframe loading=\"lazy\" title=\"NANOCLEAN\u00ae AIR - Nowy standard bezpiecznej klimatyzacji\" width=\"1020\" height=\"574\" src=\"https:\/\/www.youtube.com\/embed\/sjizCIc1LkI?feature=oembed\" frameborder=\"0\" allow=\"accelerometer; autoplay; clipboard-write; encrypted-media; gyroscope; picture-in-picture; web-share\" allowfullscreen><\/iframe><\/p>\n","protected":false},"excerpt":{"rendered":"<p>NANOCLEAN\u00ae NYLON AC160 to elastyczna lanca nylonowa o d\u0142ugo\u015bci 160 cm z dysz\u0105 wielokierunkow\u0105 360\u00b0 do czyszczenia, od\u015bwie\u017cania, odgrzybiania i dezynfekcji trudnodost\u0119pnych miejsc w kana\u0142ach klimatyzacji. Stosowany w przypadku braku dost\u0119pu do parownika dla lancy NANOCLEAN\u00ae INOX AC45 (INOX).<\/p>\n<p>Lanca NANOCLEAN\u00ae NYLON AC160 + NANOCLEAN\u00ae AIR\u00a0 + NANOCLEAN\u00ae GUN tworzy skuteczne rozwi\u0105zanie do czyszczenia, odgrzybiania, dezynfekcji kana\u0142\u00f3w klimatyzacji w przypadku utrudnionego dost\u0119pu do parownika.<\/p>\n","protected":false},"featured_media":1734,"comment_status":"open","ping_status":"closed","template":"","meta":[],"product_brand":[],"product_cat":[17,48],"product_tag":[],"class_list":{"0":"post-181","1":"product","2":"type-product","3":"status-publish","4":"has-post-thumbnail","6":"product_cat-bez-kategorii","7":"product_cat-nanoclean","9":"first","10":"instock","11":"featured","12":"taxable","13":"shipping-taxable","14":"product-type-simple"},"_links":{"self":[{"href":"https:\/\/www.nanoclean-air.com\/pl\/wp-json\/wp\/v2\/product\/181","targetHints":{"allow":["GET"]}}],"collection":[{"href":"https:\/\/www.nanoclean-air.com\/pl\/wp-json\/wp\/v2\/product"}],"about":[{"href":"https:\/\/www.nanoclean-air.com\/pl\/wp-json\/wp\/v2\/types\/product"}],"replies":[{"embeddable":true,"href":"https:\/\/www.nanoclean-air.com\/pl\/wp-json\/wp\/v2\/comments?post=181"}],"wp:featuredmedia":[{"embeddable":true,"href":"https:\/\/www.nanoclean-air.com\/pl\/wp-json\/wp\/v2\/media\/1734"}],"wp:attachment":[{"href":"https:\/\/www.nanoclean-air.com\/pl\/wp-json\/wp\/v2\/media?parent=181"}],"wp:term":[{"taxonomy":"product_brand","embeddable":true,"href":"https:\/\/www.nanoclean-air.com\/pl\/wp-json\/wp\/v2\/product_brand?post=181"},{"taxonomy":"product_cat","embeddable":true,"href":"https:\/\/www.nanoclean-air.com\/pl\/wp-json\/wp\/v2\/product_cat?post=181"},{"taxonomy":"product_tag","embeddable":true,"href":"https:\/\/www.nanoclean-air.com\/pl\/wp-json\/wp\/v2\/product_tag?post=181"}],"curies":[{"name":"wp","href":"https:\/\/api.w.org\/{rel}","templated":true}]}}