{"id":207,"date":"2021-09-20T12:26:50","date_gmt":"2021-09-20T10:26:50","guid":{"rendered":"https:\/\/www.nanoclean-air.com\/?post_type=product&#038;p=207"},"modified":"2024-09-02T15:41:31","modified_gmt":"2024-09-02T13:41:31","slug":"nanoclean-gun-pistolet-cisnieniowy-1l-zawor-szybkozlacze","status":"publish","type":"product","link":"https:\/\/www.nanoclean-air.com\/pl\/product\/nanoclean-gun-pistolet-cisnieniowy-1l-zawor-szybkozlacze\/","title":{"rendered":"NANOCLEAN\u00ae GUN Pistolet Ci\u015bnieniowy 1L + zaw\u00f3r + szybkoz\u0142\u0105cze (AC-69GUN)"},"content":{"rendered":"\n\t<section class=\"section\" id=\"section_1707481212\">\n\t\t<div class=\"section-bg fill\" >\n\t\t\t\t\t\t\t\t\t\n\t\t\t\n\n\t\t<\/div>\n\n\t\t\n\n\t\t<div class=\"section-content relative\">\n\t\t\t\n<div class=\"row\"  id=\"row-1764821063\">\n\n\t<div id=\"col-1799614516\" class=\"col medium-6 small-12 large-6\"  >\n\t\t\t\t<div class=\"col-inner\"  >\n\t\t\t\n\t\t\t\n<p>&nbsp;<\/p>\n<p>Pistolet ci\u015bnieniowy NANOCLEAN\u00ae GUN, p\u0142yn NANOCLEAN\u00ae AIR, lanca NANOCLEAN\u00ae INOX AC45 (INOX), lanca NANOCLEAN\u00ae NYLON AC160 oraz g\u0142owica NANOCLEAN\u00ae FUMI-1  sprzedawane s\u0105 osobno lub w zestawach:\u00a0 AC-6901 ZESTAW STARTOWY,\u00a0 AC-6902 ZESTAW PRAKTYCZNY , AC-6903\u00a0 ZESTAW SUCHA MG\u0141A.<\/p>\n\t\t<\/div>\n\t\t\t\t\t<\/div>\n\n\t\n\n\t<div id=\"col-2089044927\" class=\"col medium-6 small-12 large-6\"  >\n\t\t\t\t<div class=\"col-inner\"  >\n\t\t\t\n\t\t\t\n<div class=\"video video-fit mb\" style=\"padding-top:56.25%;\"><p><iframe loading=\"lazy\" title=\"Nanoclean\u00ae AIR + Lanca INOX AC45\" width=\"1020\" height=\"574\" src=\"https:\/\/www.youtube.com\/embed\/NR23rjSDhbQ?feature=oembed\" frameborder=\"0\" allow=\"accelerometer; autoplay; clipboard-write; encrypted-media; gyroscope; picture-in-picture\" allowfullscreen><\/iframe><\/p>\n<\/div>\n\t\t<\/div>\n\t\t\t\t\t<\/div>\n\n\t\n<\/div>\n\t\t<\/div>\n\n\t\t\n<style>\n#section_1707481212 {\n  padding-top: 30px;\n  padding-bottom: 30px;\n}\n<\/style>\n\t<\/section>\n\t\n","protected":false},"excerpt":{"rendered":"<ul>\n<li>Profesjonalny aluminiowy pistolet ci\u015bnieniowy do 10 bar ze zbiornikiem 1L<br \/>\ni szybkoz\u0142\u0105czem na spr\u0119\u017cone powietrze do dozowania p\u0142ynu NANOCLEAN\u00ae AIR wraz z lanc\u0105 NANOCLEAN\u00ae INOX AC45 (INOX), lanc\u0105 NANOCLEAN\u00ae NYLON AC160 lub przy u\u017cyciu g\u0142owicy do zamg\u0142awiania NANOCLEAN\u00ae FUMI-1 .<\/li>\n<li>Wydajno\u015b\u0107 pistoletu przy ci\u015bnieniu 5,5 bar to ok. 260L \/min.<\/li>\n<\/ul>\n","protected":false},"featured_media":1732,"comment_status":"open","ping_status":"closed","template":"","meta":[],"product_brand":[],"product_cat":[17,48],"product_tag":[49],"class_list":{"0":"post-207","1":"product","2":"type-product","3":"status-publish","4":"has-post-thumbnail","6":"product_cat-bez-kategorii","7":"product_cat-nanoclean","8":"product_tag-zestawy","10":"first","11":"instock","12":"featured","13":"taxable","14":"shipping-taxable","15":"product-type-simple"},"_links":{"self":[{"href":"https:\/\/www.nanoclean-air.com\/pl\/wp-json\/wp\/v2\/product\/207","targetHints":{"allow":["GET"]}}],"collection":[{"href":"https:\/\/www.nanoclean-air.com\/pl\/wp-json\/wp\/v2\/product"}],"about":[{"href":"https:\/\/www.nanoclean-air.com\/pl\/wp-json\/wp\/v2\/types\/product"}],"replies":[{"embeddable":true,"href":"https:\/\/www.nanoclean-air.com\/pl\/wp-json\/wp\/v2\/comments?post=207"}],"wp:featuredmedia":[{"embeddable":true,"href":"https:\/\/www.nanoclean-air.com\/pl\/wp-json\/wp\/v2\/media\/1732"}],"wp:attachment":[{"href":"https:\/\/www.nanoclean-air.com\/pl\/wp-json\/wp\/v2\/media?parent=207"}],"wp:term":[{"taxonomy":"product_brand","embeddable":true,"href":"https:\/\/www.nanoclean-air.com\/pl\/wp-json\/wp\/v2\/product_brand?post=207"},{"taxonomy":"product_cat","embeddable":true,"href":"https:\/\/www.nanoclean-air.com\/pl\/wp-json\/wp\/v2\/product_cat?post=207"},{"taxonomy":"product_tag","embeddable":true,"href":"https:\/\/www.nanoclean-air.com\/pl\/wp-json\/wp\/v2\/product_tag?post=207"}],"curies":[{"name":"wp","href":"https:\/\/api.w.org\/{rel}","templated":true}]}}