{"id":215,"date":"2021-09-20T13:09:04","date_gmt":"2021-09-20T11:09:04","guid":{"rendered":"https:\/\/www.nanoclean-air.com\/?post_type=product&#038;p=215"},"modified":"2024-09-02T09:44:25","modified_gmt":"2024-09-02T07:44:25","slug":"nanoclean-inox-ac45-lanca-do-mycia-cisnieniowego-z-8-dyszami-bocznymi","status":"publish","type":"product","link":"https:\/\/www.nanoclean-air.com\/pl\/product\/nanoclean-inox-ac45-lanca-do-mycia-cisnieniowego-z-8-dyszami-bocznymi\/","title":{"rendered":"NANOCLEAN\u00ae INOX AC45 Profesjonalna lanca do mycia ci\u015bnieniowego z dyszami bocznymi (INOX)"},"content":{"rendered":"<ul>\n<li>Lanca NANOCLEAN\u00ae INOX AC45 (INOX) w po\u0142\u0105czeniu z Pistoletem Ci\u015bnieniowym NANOCLEAN\u00ae GUN, oraz preparatem NANOCLEAN\u00ae AIR umo\u017cliwia najbardziej skuteczne, bezpieczne i precyzyjne czyszczenie, od\u015bwie\u017canie, odgrzybianie oraz dezynfekcj\u0119 metod\u0105 ci\u015bnieniow\u0105 parownik\u00f3w, kana\u0142\u00f3w klimatyzacji i uk\u0142ad\u00f3w HVAC<br \/>\nw samochodach.<\/li>\n<li>P\u0142yn NANOCLEAN\u00ae AIR, Pistolet Ci\u015bnieniowy NANOCLEAN\u00ae GUN, lanca NANOCLEAN\u00ae INOX AC45, lanca NANOCLEAN\u00ae NYLON, sprzedawane s\u0105 osobno lub w zestawach:<br \/>\nAC-6901 ZESTAW STAROWY lub AC-6902 ZESTAW PRAKTYCZNY z p\u0142ynem gotowym do u\u017cycia NANOCLEAN AIR.<\/li>\n<\/ul>\n<p>&nbsp;<\/p>\n<ul>\n<li><iframe loading=\"lazy\" title=\"NANOCLEAN\u00ae AIR - Nowy standard bezpiecznej klimatyzacji\" width=\"1020\" height=\"574\" src=\"https:\/\/www.youtube.com\/embed\/sjizCIc1LkI?feature=oembed&#038;enablejsapi=1&#038;origin=https:\/\/www.nanoclean-air.com\" frameborder=\"0\" allow=\"accelerometer; autoplay; clipboard-write; encrypted-media; gyroscope; picture-in-picture; web-share\" referrerpolicy=\"strict-origin-when-cross-origin\" allowfullscreen><\/iframe><\/li>\n<\/ul>\n","protected":false},"excerpt":{"rendered":"<ul>\n<li>Lanca NANOCLEAN\u00ae INOX AC45 (INOX) wykonana z mi\u0119kkiej stali nierdzewnej, dzi\u0119ki czemu mo\u017cna j\u0105 wygina\u0107 w dowolnym kierunku i dopasowa\u0107 do kana\u0142\u00f3w klimatyzacji aby w \u0142atwy spos\u00f3b dotrze\u0107 do parownika.<\/li>\n<li>D\u0142ugo\u015b\u0107 lancy 50cm, 8 dysz, w\u0105\u017c 80cm.<\/li>\n<\/ul>\n","protected":false},"featured_media":1733,"comment_status":"open","ping_status":"closed","template":"","meta":[],"product_brand":[],"product_cat":[17,48],"product_tag":[],"class_list":{"0":"post-215","1":"product","2":"type-product","3":"status-publish","4":"has-post-thumbnail","6":"product_cat-bez-kategorii","7":"product_cat-nanoclean","9":"first","10":"instock","11":"featured","12":"taxable","13":"shipping-taxable","14":"product-type-simple"},"_links":{"self":[{"href":"https:\/\/www.nanoclean-air.com\/pl\/wp-json\/wp\/v2\/product\/215","targetHints":{"allow":["GET"]}}],"collection":[{"href":"https:\/\/www.nanoclean-air.com\/pl\/wp-json\/wp\/v2\/product"}],"about":[{"href":"https:\/\/www.nanoclean-air.com\/pl\/wp-json\/wp\/v2\/types\/product"}],"replies":[{"embeddable":true,"href":"https:\/\/www.nanoclean-air.com\/pl\/wp-json\/wp\/v2\/comments?post=215"}],"wp:featuredmedia":[{"embeddable":true,"href":"https:\/\/www.nanoclean-air.com\/pl\/wp-json\/wp\/v2\/media\/1733"}],"wp:attachment":[{"href":"https:\/\/www.nanoclean-air.com\/pl\/wp-json\/wp\/v2\/media?parent=215"}],"wp:term":[{"taxonomy":"product_brand","embeddable":true,"href":"https:\/\/www.nanoclean-air.com\/pl\/wp-json\/wp\/v2\/product_brand?post=215"},{"taxonomy":"product_cat","embeddable":true,"href":"https:\/\/www.nanoclean-air.com\/pl\/wp-json\/wp\/v2\/product_cat?post=215"},{"taxonomy":"product_tag","embeddable":true,"href":"https:\/\/www.nanoclean-air.com\/pl\/wp-json\/wp\/v2\/product_tag?post=215"}],"curies":[{"name":"wp","href":"https:\/\/api.w.org\/{rel}","templated":true}]}}