{"id":3451,"date":"2024-04-08T07:31:35","date_gmt":"2024-04-08T05:31:35","guid":{"rendered":"https:\/\/www.nanoclean-air.com\/?post_type=product&#038;p=3451"},"modified":"2024-09-02T14:30:31","modified_gmt":"2024-09-02T12:30:31","slug":"nanoclean-air-gotowy-do-uzycia-5l-do-czyszczenia-odswiezania-odgrzybiania-i-dezynfekcji-parownikow","status":"publish","type":"product","link":"https:\/\/www.nanoclean-air.com\/pl\/product\/nanoclean-air-gotowy-do-uzycia-5l-do-czyszczenia-odswiezania-odgrzybiania-i-dezynfekcji-parownikow\/","title":{"rendered":"NANOCLEAN\u00ae AIR Gotowy do u\u017cycia 5l, do czyszczenia, od\u015bwie\u017cania, odgrzybiania i dezynfekcji parownik\u00f3w"},"content":{"rendered":"\n\t<section class=\"section\" id=\"section_1713593550\">\n\t\t<div class=\"section-bg fill\" >\n\t\t\t\t\t\t\t\t\t\n\t\t\t\n\n\t\t<\/div>\n\n\t\t\n\n\t\t<div class=\"section-content relative\">\n\t\t\t\n<div class=\"row\"  id=\"row-722359525\">\n\n\t<div id=\"col-444091293\" class=\"col medium-7 small-12 large-7\"  >\n\t\t\t\t<div class=\"col-inner\"  >\n\t\t\t\n\t\t\t\n<p><strong>Dzi\u0119ki doskona\u0142ym w\u0142a\u015bciwo\u015bciom myj\u0105cym i pe\u0142nemu spektrum biob\u00f3jczemu trwale usuwa nieprzyjemny zapach.<br \/>\n<\/strong><\/p>\n<ul>\n<li>Nowy standard skutecznego czyszczenia, od\u015bwie\u017cania, odgrzybiania i dezynfekcji klimatyzacji w samochodach oraz \u015brodkach komunikacji publicznej.<\/li>\n<li>Najszybsza i najskuteczniejsza dezynfekcja parownik\u00f3w klimatyzacji i wn\u0119trz aut.<\/li>\n<li>Mo\u017cliwo\u015b\u0107 stosowania w urz\u0105dzeniach ultrad\u017awi\u0119kowych.<\/li>\n<\/ul>\n<p><strong>Najskuteczniejsza dezynfekcja z pe\u0142nym spektrum biob\u00f3jczym w czasie 15 minut.<br \/>\n<\/strong>Dezynfekcja przeciw <em>Legionella pneumophila<\/em> ju\u017c w czasie 1 minuty.<\/p>\n<ul>\n<li><strong>Bardzo wydajny<\/strong>&#8211; na 1 parownik wystarczy 500 ml p\u0142ynu.<\/li>\n<li><strong>Magazynowanie i stosowanie bez ryzyka po\u017caru<\/strong> \u2013 produkt niepalny na bazie wodnej.<\/li>\n<li><strong>Skutecznie usuwa plamy i zanieczyszczenia organiczne:<\/strong> usuwa t\u0142uste plamy z tapicerki i dywan\u00f3w, ple\u015b\u0144, grzyby, kurz, t\u0142uszcz, olej, itp.<\/li>\n<li><strong>Specjalnie dopracowana metoda<\/strong> skutecznego czyszczenia parownik\u00f3w pod ci\u015bnieniem z zastosowaniem lancy kierunkowej &#8211; INOX.<\/li>\n<li>Skuteczne czyszczenie klimatyzacji, od\u015bwie\u017canie klimatyzacji, odgrzybianie klimatyzacji i dezynfekcja klimatyzacji tylko w jednym procesie produktem<br \/>\nNANOCLEAN\u00ae AIR zamiast 2 produkt\u00f3w.<\/li>\n<li><strong>Zast\u0119puje ozonowanie samochod\u00f3w wewn\u0105trz kabiny<\/strong> \u2013 dezynfekcja wn\u0119trza auta z pe\u0142nym spektrum biob\u00f3jczym poprzez zamg\u0142awianie p\u0142ynem NANOCLEAN\u00ae AIR z g\u0142owic\u0105 AC-69FUMI (sucha mg\u0142a).<br \/>\nCzas aplikacji ok. 15 &#8211; 30 sekund. Czas dezynfekcji 5-15 minut.<\/li>\n<li>Pozwolenie na obr\u00f3t produktem biob\u00f3jczym nr 7406\/18.<\/li>\n<li>Atest PZH nr: B.BK.60112.0333.2023.<\/li>\n<li><strong>Skuteczno\u015b\u0107 potwierdzona badaniami wg norm europejskich:<\/strong><br \/>\nEN1040, EN13727, EN1276, EN13697, EN13623, EN1275, EN1650, EN14476, EN13704, EN14348.<\/li>\n<li>Wyr\u00f3\u017cniony przez magazyn Auto Expert w 2019 i 2020 roku.<\/li>\n<\/ul>\n<p>Produkt\u00f3w biob\u00f3jczych nale\u017cy u\u017cywa\u0107 z zachowaniem \u015brodk\u00f3w ostro\u017cno\u015bci. Przed ka\u017cdym u\u017cyciem nale\u017cy przeczyta\u0107 etykiet\u0119 i informacje dotycz\u0105ce produktu.<\/p>\n<span class=\"scroll-to\" data-label=\"Scroll to: #video\" data-bullet=\"false\" data-link=\"#video\" data-title=\"video\" ><a name=\"video\"><\/a><\/span>\n\t\t<\/div>\n\t\t\t\t\t<\/div>\n\n\t\n\n\t<div id=\"col-2001760639\" class=\"col medium-5 small-12 large-5\"  >\n\t\t\t\t<div class=\"col-inner\"  >\n\t\t\t\n\t\t\t\n<div class=\"video video-fit mb\" style=\"padding-top:56.25%;\"><p><iframe loading=\"lazy\" title=\"Nanoclean\u00ae AIR + Lanca INOX AC45\" width=\"1020\" height=\"574\" src=\"https:\/\/www.youtube.com\/embed\/NR23rjSDhbQ?feature=oembed\" frameborder=\"0\" allow=\"accelerometer; autoplay; clipboard-write; encrypted-media; gyroscope; picture-in-picture\" allowfullscreen><\/iframe><\/p>\n<\/div>\n<div class=\"video video-fit mb\" style=\"padding-top:56.25%;\"><p><iframe loading=\"lazy\" title=\"NANOCLEAN\u00aeAIR + G\u0141OWICA AC-69FUMI\" width=\"1020\" height=\"574\" src=\"https:\/\/www.youtube.com\/embed\/k4hEaLLxWbA?feature=oembed\" frameborder=\"0\" allow=\"accelerometer; autoplay; clipboard-write; encrypted-media; gyroscope; picture-in-picture\" allowfullscreen><\/iframe><\/p>\n<\/div>\n\t\t<\/div>\n\t\t\t\t\t<\/div>\n\n\t\n<\/div>\n\t\t<\/div>\n\n\t\t\n<style>\n#section_1713593550 {\n  padding-top: 30px;\n  padding-bottom: 30px;\n}\n<\/style>\n\t<\/section>\n\t\n\n\t<section class=\"section\" id=\"section_644329121\">\n\t\t<div class=\"section-bg fill\" >\n\t\t\t\t\t\t\t\t\t\n\t\t\t\n\n\t\t<\/div>\n\n\t\t\n\n\t\t<div class=\"section-content relative\">\n\t\t\t\n<div class=\"row\"  id=\"row-563401368\">\n\n\t<div id=\"col-1724833132\" class=\"col medium-9 small-12 large-9\"  >\n\t\t\t\t<div class=\"col-inner\"  >\n\t\t\t\n\t\t\t\n<div class=\"video video-fit mb\" style=\"padding-top:56.25%;\"><p><iframe loading=\"lazy\" title=\"Instrukcja przygotowania zestawu NANOCLEAN\u00ae do pracy\" width=\"1020\" height=\"574\" src=\"https:\/\/www.youtube.com\/embed\/U3u6jRqpceM?feature=oembed\" frameborder=\"0\" allow=\"accelerometer; autoplay; clipboard-write; encrypted-media; gyroscope; picture-in-picture\" allowfullscreen><\/iframe><\/p>\n<\/div>\n\t\t<\/div>\n\t\t\t\t\t<\/div>\n\n\t\n<\/div>\n\t\t<\/div>\n\n\t\t\n<style>\n#section_644329121 {\n  padding-top: 30px;\n  padding-bottom: 30px;\n}\n<\/style>\n\t<\/section>\n\t\n","protected":false},"excerpt":{"rendered":"<p>Jedyny na rynku profesjonalny preparat gotowy do u\u017cycia przeznaczony do skutecznego czyszczenia, od\u015bwie\u017cania, odgrzybiania i dezynfekcji klimatyzacji w pojazdach.<br \/>\nSpecjalna wersja do ci\u0119\u017ckich zabrudze\u0144 parownik\u00f3w\u00a0o przyjemnym zapachu.<\/p>\n<ul>\n<li style=\"text-align: left;\"><strong>\u015aWIE\u017bO\u015a\u0106.<\/strong> Usuwa przykr\u0105 wo\u0144 pozostawiaj\u0105c przyjemny zapach na d\u0142u\u017cej.<\/li>\n<li><strong>PEWNO\u015a\u0106. PE\u0141NE SPEKTRUM BIOB\u00d3JCZE:<\/strong><br \/>\nwirusy, grzyby, bakterie, spory, pr\u0105tki.<br \/>\n<em style=\"color: #555555;\">Legionella pneumophila<\/em><span style=\"color: #555555;\"> w czasie 1 minuty.<br \/>\n<\/span><\/li>\n<li><strong>SKUTECZNO\u015a\u0106.<\/strong> Potwierdzona badaniami wed\u0142ug norm europejskich:<br \/>\n<span style=\"color: #555555;\">EN1040, EN13727, EN1276, EN13697, EN13623, EN1275, EN1650, EN14476, EN13704, EN14348<br \/>\n<\/span><\/li>\n<li><strong>SKUTECZNO\u015a\u0106 CZYSZCZENIA.<\/strong> Dzi\u0119ki wielosk\u0142adnikowej bazie aktywnej.<\/li>\n<li><span style=\"color: #555555;\"><strong><span style=\"color: #282828;\">ZADOWOLENI KLIENCI<\/span>.<\/strong> Dzi\u0119ki skutecznemu czyszczeniu i dezynfekcji.<\/span><\/li>\n<\/ul>\n<h3 style=\"text-align: center;\"><strong>ALL IN ONE=<\/strong><br \/>\n<strong>CZY\u015aCI+OD\u015aWIE\u017bA+ODGRZYBIA+DEZYNFEKUJE<\/strong><br \/>\n<strong>=1PRODUKT+1 PROCES<\/strong><\/h3>\n","protected":false},"featured_media":1729,"comment_status":"open","ping_status":"closed","template":"","meta":[],"product_brand":[],"product_cat":[17,48],"product_tag":[],"class_list":{"0":"post-3451","1":"product","2":"type-product","3":"status-publish","4":"has-post-thumbnail","6":"product_cat-bez-kategorii","7":"product_cat-nanoclean","8":"pa_capacity-5-l","10":"first","11":"instock","12":"featured","13":"taxable","14":"shipping-taxable","15":"product-type-simple"},"_links":{"self":[{"href":"https:\/\/www.nanoclean-air.com\/pl\/wp-json\/wp\/v2\/product\/3451","targetHints":{"allow":["GET"]}}],"collection":[{"href":"https:\/\/www.nanoclean-air.com\/pl\/wp-json\/wp\/v2\/product"}],"about":[{"href":"https:\/\/www.nanoclean-air.com\/pl\/wp-json\/wp\/v2\/types\/product"}],"replies":[{"embeddable":true,"href":"https:\/\/www.nanoclean-air.com\/pl\/wp-json\/wp\/v2\/comments?post=3451"}],"wp:featuredmedia":[{"embeddable":true,"href":"https:\/\/www.nanoclean-air.com\/pl\/wp-json\/wp\/v2\/media\/1729"}],"wp:attachment":[{"href":"https:\/\/www.nanoclean-air.com\/pl\/wp-json\/wp\/v2\/media?parent=3451"}],"wp:term":[{"taxonomy":"product_brand","embeddable":true,"href":"https:\/\/www.nanoclean-air.com\/pl\/wp-json\/wp\/v2\/product_brand?post=3451"},{"taxonomy":"product_cat","embeddable":true,"href":"https:\/\/www.nanoclean-air.com\/pl\/wp-json\/wp\/v2\/product_cat?post=3451"},{"taxonomy":"product_tag","embeddable":true,"href":"https:\/\/www.nanoclean-air.com\/pl\/wp-json\/wp\/v2\/product_tag?post=3451"}],"curies":[{"name":"wp","href":"https:\/\/api.w.org\/{rel}","templated":true}]}}