{"id":3466,"date":"2024-04-08T07:37:09","date_gmt":"2024-04-08T05:37:09","guid":{"rendered":"https:\/\/www.nanoclean-air.com\/?post_type=product&#038;p=3466"},"modified":"2024-11-20T09:51:53","modified_gmt":"2024-11-20T08:51:53","slug":"nanoclean-air-gotowy-do-uzycia-5l-do-czyszczenia-odswiezania-odgrzybiania-i-dezynfekcji","status":"publish","type":"product","link":"https:\/\/www.nanoclean-air.com\/pl\/product\/nanoclean-air-gotowy-do-uzycia-5l-do-czyszczenia-odswiezania-odgrzybiania-i-dezynfekcji\/","title":{"rendered":"NANOCLEAN\u00ae AIR Gotowy do u\u017cycia 5l, do czyszczenia, od\u015bwie\u017cania, dezodoryzacji i dezynfekcji"},"content":{"rendered":"<p><strong>CZYSZCZENIE, OD\u015aWIE\u017bANIE KLIMATYZACJI<\/strong><br \/>\n\u2022 Skutecznie usuwa wszelkie zanieczyszczenia, kt\u00f3re mog\u0105 wp\u0142ywa\u0107 na jako\u015b\u0107 powietrza.<br \/>\n\u2022 Trwale eliminuje nieprzyjemny zapach grzyb\u00f3w oraz nieprzyjemny zapach wilgoci.<br \/>\n\u2022 Zgodny z materia\u0142ami \u2013 gotowa do u\u017cycia formu\u0142a jest bezpieczna dla wi\u0119kszo\u015bci metali, powierzchni malowanych, gum, tworzyw sztucznych, tkanin.<br \/>\n\u2022 Po odparowaniu pozostawia such\u0105 i czyst\u0105 powierzchni\u0119, odporn\u0105 na przyci\u0105ganie kurzu.<\/p>\n<p><strong>DEZODORYZACJA I DEZYNFEKCJA KLIMATYZACJI<\/strong><br \/>\n\u2022 Jedyna formu\u0142a z <strong>PE\u0141NYM SPECTRUM BIOD\u00d3JSTWA<\/strong> (Wirusy, Bakterie, Grzyby, Mykobakterie, Zarodniki w ci\u0105gu do 15 minut).<br \/>\n\u2022 Usuwa Legionella pneumophila w 1 minut\u0119.<br \/>\n\u2022 Skuteczno\u015b\u0107 potwierdzona testami zgodnie z normami europejskimi: EN1040, EN13727, EN1276, EN13697, EN13623, EN1275, EN1650, EN14476, EN13704, EN14348.<br \/>\n\u2022 Zezwolenie na wprowadzenie do obrotu produktu biob\u00f3jczego nr 7406\/18.<br \/>\n\u2022 Zatwierdzenie PZH nr B.BK.60112.0333.2023.<br \/>\n\u2022 Nowy standard bezpiecze\u0144stwa przeciwko infekcjom i zanieczyszczeniom powietrza.<\/p>\n<p><strong>OSZCZ\u0118DNO\u015a\u0106 CZASU<\/strong><br \/>\n\u2022 Czy\u015bci, od\u015bwie\u017ca, dezodoryzuje, dezynfekuje, chroni.<\/p>\n<p><strong>ZADOWOLENIE KLIENT\u00d3W<\/strong><br \/>\n\u2022 Przyjemny, d\u0142ugotrwa\u0142y zapach.<br \/>\n\u2022 Brak ryzyka po\u017caru podczas przechowywania \u2013 produkt wodny, niepalny.<br \/>\n\u2022 Nie zawiera kwas\u00f3w, fenoli (niebezpiecznych dla kobiet w ci\u0105\u017cy, zwierz\u0105t) ani rozpuszczalnik\u00f3w organicznych.<br \/>\n\u2022 Ca\u0142kowite zadowolenie klienta \u2013 brak skarg.<\/p>\n<p>Produkty biob\u00f3jcze nale\u017cy stosowa\u0107 z zachowaniem ostro\u017cno\u015bci.<br \/>\nPrzeczyta\u0107 etykiet\u0119 i informacje o produkcie przed ka\u017cdym u\u017cyciem.<\/p>\n","protected":false},"excerpt":{"rendered":"<p>Jedyna formu\u0142a na rynku do czyszczenia, od\u015bwie\u017cania, dezodoryzacji i dezynfekcji parownik\u00f3w i skraplaczy klimatyzator\u00f3w oraz innych urz\u0105dze\u0144 HVAC do klimatyzacji i ch\u0142odnictwa, zapewniaj\u0105ca pe\u0142ne spektrum biob\u00f3jcze w ci\u0105gu do 15 minut. Skutecznie usuwa wszelkie zanieczyszczenia, kt\u00f3re mog\u0105 wp\u0142ywa\u0107 na jako\u015b\u0107 powietrza. Pozostawia \u015bwie\u017cy zapach.<\/p>\n<p><strong>\u2022 \u015aWIE\u017bO\u015a\u0106<\/strong> \u2013 Usuwa nieprzyjemny zapach, pozostawiaj\u0105c przyjemny zapach na d\u0142u\u017cej.<br \/>\n\u2022 <strong>PEWNO\u015a\u0106<\/strong> \u2013 <strong>PE\u0141NE SPECTRUM BIOD\u00d3JSTWA<\/strong>: Wirusy, grzyby, bakterie, zarodniki, mykobakterie. Legionella pneumophila w 1 minut\u0119.<br \/>\n\u2022 <strong>SKUTECZNO\u015a\u0106<\/strong> \u2013 Potwierdzone testami zgodnie z europejskimi normami: EN1040, EN13727, EN1276, EN13697, EN13623, EN1275, EN1650, EN14476, EN13704, EN14348.<br \/>\n\u2022 <strong>EFEKTYWNO\u015a\u0106 CZYSZCZENIA<\/strong> \u2013 Dzi\u0119ki wielosk\u0142adnikowej bazie aktywnej.<br \/>\n\u2022 <strong>ZADOWOLENI KLIENCI<\/strong> \u2013 Skuteczne czyszczenie i dezynfekcja.<br \/>\n<strong>ALL IN ONE = CZYSZCZENIE + OD\u015aWIE\u017bANIE + DEZODORYZACJA + DEZYNFEKCJA = 1 PRODUKT = 1 PROCES<\/strong><\/p>\n","protected":false},"featured_media":3585,"comment_status":"open","ping_status":"closed","template":"","meta":[],"product_brand":[],"product_cat":[74],"product_tag":[],"class_list":{"0":"post-3466","1":"product","2":"type-product","3":"status-publish","4":"has-post-thumbnail","6":"product_cat-klima-went","7":"pa_capacity-5-l","8":"pa_smell-bezwonny","9":"pa_smell-cytrusowy","10":"pa_smell-lawendowy","11":"pa_smell-orchidea","13":"first","14":"instock","15":"featured","16":"taxable","17":"shipping-taxable","18":"product-type-variable"},"_links":{"self":[{"href":"https:\/\/www.nanoclean-air.com\/pl\/wp-json\/wp\/v2\/product\/3466","targetHints":{"allow":["GET"]}}],"collection":[{"href":"https:\/\/www.nanoclean-air.com\/pl\/wp-json\/wp\/v2\/product"}],"about":[{"href":"https:\/\/www.nanoclean-air.com\/pl\/wp-json\/wp\/v2\/types\/product"}],"replies":[{"embeddable":true,"href":"https:\/\/www.nanoclean-air.com\/pl\/wp-json\/wp\/v2\/comments?post=3466"}],"wp:featuredmedia":[{"embeddable":true,"href":"https:\/\/www.nanoclean-air.com\/pl\/wp-json\/wp\/v2\/media\/3585"}],"wp:attachment":[{"href":"https:\/\/www.nanoclean-air.com\/pl\/wp-json\/wp\/v2\/media?parent=3466"}],"wp:term":[{"taxonomy":"product_brand","embeddable":true,"href":"https:\/\/www.nanoclean-air.com\/pl\/wp-json\/wp\/v2\/product_brand?post=3466"},{"taxonomy":"product_cat","embeddable":true,"href":"https:\/\/www.nanoclean-air.com\/pl\/wp-json\/wp\/v2\/product_cat?post=3466"},{"taxonomy":"product_tag","embeddable":true,"href":"https:\/\/www.nanoclean-air.com\/pl\/wp-json\/wp\/v2\/product_tag?post=3466"}],"curies":[{"name":"wp","href":"https:\/\/api.w.org\/{rel}","templated":true}]}}