{"id":4625,"date":"2024-08-08T13:21:07","date_gmt":"2024-08-08T11:21:07","guid":{"rendered":"https:\/\/www.nanoclean-air.com\/?post_type=product&#038;p=4625"},"modified":"2024-11-20T09:51:15","modified_gmt":"2024-11-20T08:51:15","slug":"nanoclean-air-koncentrat-do-czyszczenia-odswiezania-odgrzybiania-i-dezynfekcji-klimatyzacji-i-wentylacji-bezzapachowy","status":"publish","type":"product","link":"https:\/\/www.nanoclean-air.com\/pl\/product\/nanoclean-air-koncentrat-do-czyszczenia-odswiezania-odgrzybiania-i-dezynfekcji-klimatyzacji-i-wentylacji-bezzapachowy\/","title":{"rendered":"NANOCLEAN\u00ae AIR Koncentrat do czyszczenia, od\u015bwie\u017cania, dezynfekcji i odgrzybiania klimatyzacji i wentylacji"},"content":{"rendered":"<p><strong>CZYSZCZENIE I OD\u015aWIE\u017bANIE KLIMATYZACJI:<\/strong><\/p>\n<ul>\n<li>Skutecznie usuwa wszystkie zanieczyszczenia, kt\u00f3re mog\u0105 wp\u0142ywa\u0107 na jako\u015b\u0107 powietrza.<\/li>\n<li>Trwale eliminuje nieprzyjemny zapach grzyb\u00f3w i wilgoci.<\/li>\n<li><strong>Kompatybilno\u015b\u0107 materia\u0142owa<\/strong>: Roztw\u00f3r roboczy o st\u0119\u017ceniu 5% (1:19) z wod\u0105 jest kompatybilny z wi\u0119kszo\u015bci\u0105 metali, powierzchni malowanych, gum, tworzyw sztucznych, tkanin.<\/li>\n<li>Po odparowaniu pozostawia such\u0105 i czyst\u0105 powierzchni\u0119, odporn\u0105 na osadzanie si\u0119 kurzu.<\/li>\n<\/ul>\n<p><strong>ODGRZYBIANIE I DEZYNFEKCJA KLIMATYZACJI:<\/strong><\/p>\n<ul>\n<li>Jedyny preparat z <strong>PE\u0141NYM SPEKTRUM BIOB\u00d3JCZYM<\/strong> (wirusy, bakterie, grzyby, pr\u0105tki, zarodniki do 15 minut).<\/li>\n<li>Usuwa <strong>Legionella pneumophila w 1 minut\u0119<\/strong>.<\/li>\n<li><strong>Skuteczno\u015b\u0107 potwierdzona<\/strong> badaniami zgodnie z normami europejskimi: EN1040, EN13727, EN1276, EN13697, EN13623, EN1275, EN1650, EN14476, EN13704, EN14348.<\/li>\n<li><strong>Pozwolenie na obr\u00f3t produktem biob\u00f3jczym<\/strong>: nr 7420\/18.<\/li>\n<li><strong>Atest PZH<\/strong>: nr B.BK.60112.0333.2023.<\/li>\n<li>Nowy standard bezpiecze\u0144stwa przeciwko zaka\u017ceniom i ska\u017ceniom przenoszonym drog\u0105 powietrzn\u0105.<\/li>\n<\/ul>\n<p><strong>OSZCZ\u0118DNO\u015a\u0106:<\/strong><\/p>\n<ul>\n<li>Najbardziej ekonomiczna dezynfekcja.<\/li>\n<li>Koncentrat mieszany z wod\u0105 w st\u0119\u017ceniu 5% (1:19).<\/li>\n<li>1L koncentratu to 20L gotowego roztworu.<\/li>\n<\/ul>\n<p><strong>ZADOWOLENIE KLIENTA:<\/strong><\/p>\n<ul>\n<li>Przyjemny, od\u015bwie\u017caj\u0105cy zapach.<\/li>\n<li><strong>Bezpieczne przechowywanie i u\u017cycie<\/strong> \u2013 produkt na bazie wody, niepalny.<\/li>\n<li>Nie zawiera kwas\u00f3w, fenoli (szkodliwych dla kobiet w ci\u0105\u017cy i zwierz\u0105t) ani rozpuszczalnik\u00f3w organicznych.<\/li>\n<li>Pe\u0142ne zadowolenie klienta \u2013 brak reklamacji.<\/li>\n<\/ul>\n","protected":false},"excerpt":{"rendered":"<p>Jedyny produkt na rynku przeznaczony do czyszczenia, od\u015bwie\u017cania, odgrzybiania i dezynfekcji parownik\u00f3w oraz skraplaczy klimatyzator\u00f3w i innych urz\u0105dze\u0144 HVAC do klimatyzacji i ch\u0142odnictwa, zapewniaj\u0105cy <strong>PE\u0141NE SPEKTRUM BIOB\u00d3JCZE<\/strong> w czasie do 15 minut.<br \/>\nSkutecznie usuwa wszystkie zanieczyszczenia, kt\u00f3re mog\u0105 wp\u0142ywa\u0107 na jako\u015b\u0107 powietrza.<br \/>\nPozostawia przyjemny, od\u015bwie\u017caj\u0105cy zapach.<\/p>\n<p><strong>Cechy produktu:<\/strong><\/p>\n<ul>\n<li><strong>\u015aWIE\u017bO\u015a\u0106<\/strong>: Usuwa nieprzyjemne zapachy, pozostawiaj\u0105c przyjemny aromat na d\u0142u\u017cej.<\/li>\n<li><strong>PEWNO\u015a\u0106<\/strong>:<\/li>\n<\/ul>\n<p><strong>PE\u0141NE SPEKTRUM BIOB\u00d3JCZE<\/strong>: Wirusy, grzyby, bakterie, zarodniki, pr\u0105tki. Legionella pneumophila w 1 minut\u0119.<\/p>\n<ul>\n<li><strong>SKUTECZNO\u015a\u0106<\/strong>: Potwierdzona badaniami zgodnie z normami europejskimi: EN1040, EN13727, EN1276, EN13697, EN13623, EN1275, EN1650, EN14476, EN13704, EN14348.<\/li>\n<li><strong>EFEKTYWNO\u015a\u0106 CZYSZCZENIA<\/strong>: Dzi\u0119ki wielosk\u0142adnikowej aktywnej bazie.<\/li>\n<li><strong>ZADOWOLENI KLIENCI<\/strong>: Dzi\u0119ki skutecznemu czyszczeniu i dezynfekcji.<\/li>\n<\/ul>\n<p><strong>WSZYSTKO W JEDNYM = CZYSZCZENIE + OD\u015aWIE\u017bANIE + ODGRZYBIANIE + DEZYNFEKCJA = 1 PRODUKT = 1 PROCES<\/strong><\/p>\n","protected":false},"featured_media":4643,"comment_status":"open","ping_status":"closed","template":"","meta":[],"product_brand":[],"product_cat":[74],"product_tag":[],"class_list":{"0":"post-4625","1":"product","2":"type-product","3":"status-publish","4":"has-post-thumbnail","6":"product_cat-klima-went","7":"pa_capacity-1-l","8":"pa_smell-bezwonny","9":"pa_smell-cytrusowy","10":"pa_smell-lawendowy","11":"pa_smell-orchidea","13":"first","14":"instock","15":"featured","16":"taxable","17":"shipping-taxable","18":"product-type-variable"},"_links":{"self":[{"href":"https:\/\/www.nanoclean-air.com\/pl\/wp-json\/wp\/v2\/product\/4625","targetHints":{"allow":["GET"]}}],"collection":[{"href":"https:\/\/www.nanoclean-air.com\/pl\/wp-json\/wp\/v2\/product"}],"about":[{"href":"https:\/\/www.nanoclean-air.com\/pl\/wp-json\/wp\/v2\/types\/product"}],"replies":[{"embeddable":true,"href":"https:\/\/www.nanoclean-air.com\/pl\/wp-json\/wp\/v2\/comments?post=4625"}],"wp:featuredmedia":[{"embeddable":true,"href":"https:\/\/www.nanoclean-air.com\/pl\/wp-json\/wp\/v2\/media\/4643"}],"wp:attachment":[{"href":"https:\/\/www.nanoclean-air.com\/pl\/wp-json\/wp\/v2\/media?parent=4625"}],"wp:term":[{"taxonomy":"product_brand","embeddable":true,"href":"https:\/\/www.nanoclean-air.com\/pl\/wp-json\/wp\/v2\/product_brand?post=4625"},{"taxonomy":"product_cat","embeddable":true,"href":"https:\/\/www.nanoclean-air.com\/pl\/wp-json\/wp\/v2\/product_cat?post=4625"},{"taxonomy":"product_tag","embeddable":true,"href":"https:\/\/www.nanoclean-air.com\/pl\/wp-json\/wp\/v2\/product_tag?post=4625"}],"curies":[{"name":"wp","href":"https:\/\/api.w.org\/{rel}","templated":true}]}}