{"id":57,"date":"2021-08-13T11:56:05","date_gmt":"2021-08-13T09:56:05","guid":{"rendered":"https:\/\/www.nanoclean-air.com\/?post_type=product&#038;p=57"},"modified":"2024-09-02T15:37:58","modified_gmt":"2024-09-02T13:37:58","slug":"ac-69fumi-nanoclean-fumi-1-glowica-zamglawiajaca-sucha-mgla","status":"publish","type":"product","link":"https:\/\/www.nanoclean-air.com\/pl\/product\/ac-69fumi-nanoclean-fumi-1-glowica-zamglawiajaca-sucha-mgla\/","title":{"rendered":"NANOCLEAN\u00ae FUMI-1 G\u0142owica zamg\u0142awiaj\u0105ca Sucha Mg\u0142a"},"content":{"rendered":"<ul>\n<li>AC-69FUMI mocowana szybkoz\u0142\u0105czem do pistoletu ci\u015bnieniowego NANOCLEAN\u00ae GUN\u00a0 (AC-69GUN), w po\u0142\u0105czeniu z \u015brodkiem NANOCLEAN AIR (koncentrat lub gotowy do u\u017cycia)\u00a0 gwarantuje personelowi oraz klientowi bezpiecze\u0144stwo.<\/li>\n<li>Zast\u0119puje ozonowanie wn\u0119trza.<\/li>\n<\/ul>\n","protected":false},"excerpt":{"rendered":"<p>NANOCLEAN\u00ae FUMI-1  specjalna g\u0142owica do zamg\u0142awiania pojazd\u00f3w such\u0105 mg\u0142\u0105.<\/p>\n<ul>\n<li>Strefa sucha: &gt;1,5 m. Wydajno\u015b\u0107 zamg\u0142awiania: 15 m<sup>3<\/sup>\/minut\u0119 lub 5m<sup>2<\/sup>\/minut\u0119.<\/li>\n<li>Zu\u017cycie p\u0142ynu: 100 ml\/min przy ci\u015bnieniu 5,5 \u2013 10 bar.<\/li>\n<li>Zamg\u0142awia, od\u015bwie\u017ca, odgrzybia i dezynfekuje wn\u0119trze pojazdu.<\/li>\n<li>Dzi\u0119ki zastosowaniu g\u0142owicy AC-69FUMI wraz z pistoletem ci\u015bnieniowym AC-69GUN<br \/>\ni preparatem NANOCLEAN\u00ae AIR metod\u0105 zamg\u0142awiania uzyskujemy przyjemny zapach w kabinie.<\/li>\n<\/ul>\n","protected":false},"featured_media":1731,"comment_status":"open","ping_status":"closed","template":"","meta":[],"product_brand":[],"product_cat":[17,48],"product_tag":[],"class_list":{"0":"post-57","1":"product","2":"type-product","3":"status-publish","4":"has-post-thumbnail","6":"product_cat-bez-kategorii","7":"product_cat-nanoclean","9":"first","10":"instock","11":"featured","12":"taxable","13":"shipping-taxable","14":"product-type-simple"},"_links":{"self":[{"href":"https:\/\/www.nanoclean-air.com\/pl\/wp-json\/wp\/v2\/product\/57","targetHints":{"allow":["GET"]}}],"collection":[{"href":"https:\/\/www.nanoclean-air.com\/pl\/wp-json\/wp\/v2\/product"}],"about":[{"href":"https:\/\/www.nanoclean-air.com\/pl\/wp-json\/wp\/v2\/types\/product"}],"replies":[{"embeddable":true,"href":"https:\/\/www.nanoclean-air.com\/pl\/wp-json\/wp\/v2\/comments?post=57"}],"wp:featuredmedia":[{"embeddable":true,"href":"https:\/\/www.nanoclean-air.com\/pl\/wp-json\/wp\/v2\/media\/1731"}],"wp:attachment":[{"href":"https:\/\/www.nanoclean-air.com\/pl\/wp-json\/wp\/v2\/media?parent=57"}],"wp:term":[{"taxonomy":"product_brand","embeddable":true,"href":"https:\/\/www.nanoclean-air.com\/pl\/wp-json\/wp\/v2\/product_brand?post=57"},{"taxonomy":"product_cat","embeddable":true,"href":"https:\/\/www.nanoclean-air.com\/pl\/wp-json\/wp\/v2\/product_cat?post=57"},{"taxonomy":"product_tag","embeddable":true,"href":"https:\/\/www.nanoclean-air.com\/pl\/wp-json\/wp\/v2\/product_tag?post=57"}],"curies":[{"name":"wp","href":"https:\/\/api.w.org\/{rel}","templated":true}]}}