{"id":8366,"date":"2024-05-28T07:41:30","date_gmt":"2024-05-28T05:41:30","guid":{"rendered":"https:\/\/www.nanoclean-air.com\/?post_type=product&#038;p=8366"},"modified":"2024-09-05T08:12:57","modified_gmt":"2024-09-05T06:12:57","slug":"plyn-czyszczaco-dezynfekujacy-do-mikrofalowki-nanocleanac8-home","status":"publish","type":"product","link":"https:\/\/www.nanoclean-air.com\/pl\/product\/plyn-czyszczaco-dezynfekujacy-do-mikrofalowki-nanocleanac8-home\/","title":{"rendered":"P\u0142yn czyszcz\u0105co-dezynfekuj\u0105cy do mikrofal\u00f3wki NANOCLEAN\u00aeAC8 Home"},"content":{"rendered":"<h3>UNIKALNE W\u0141A\u015aCIWO\u015aCI:<\/h3>\n<p>&#8211; Innowacyjna formu\u0142a Bez Chloru i Bez Alkoholu:\u00a0 Praca bez szkodliwych opar\u00f3w, bezpieczna dla zdrowia.<\/p>\n<p>&#8211; Bezzapachowy lub delikatny kwiatowy: Wybierz wersj\u0119 bezzapachow\u0105 lub delikatny, kwiatowy aromat dla dodatkowego od\u015bwie\u017cenia.<\/p>\n<p>&#8211; Eliminacja ple\u015bni i bakterii: Pe\u0142ne Spektrum Biob\u00f3jcze to jedyne na rynku rozwi\u0105zanie, kt\u00f3re skutecznie eliminuje bakterie, wirusy, grzyby, ple\u015b\u0144, spory i pr\u0105tki, zapewniaj\u0105c najwy\u017cszy poziom higieny.<\/p>\n<p>&#8211; Bezpieczny dla Tworzyw, uszczelek i Metali: Formu\u0142a opracowana z my\u015bl\u0105 o delikatnych elementach mikrofal\u00f3wki, bez ryzyka uszkodze\u0144.<\/p>\n<h3>KORZY\u015aCI STOSOWANIA:<\/h3>\n<p>&#8211; Natychmiastowa Neutralizacja Zapach\u00f3w: Usuwa wszelkie nieprzyjemne zapachy, pozostawiaj\u0105c mikrofal\u00f3wk\u0119 \u015bwie\u017c\u0105 i gotow\u0105 do u\u017cytku.<\/p>\n<p>&#8211; Efektywne Czyszczenie: Skutecznie usuwa t\u0142uszcz, resztki jedzenia i osady, dbaj\u0105c o czysto\u015b\u0107 wszystkich element\u00f3w mikrofal\u00f3wki.<\/p>\n<p>&#8211; Odgrzybianie i Dezynfekcja: Kompleksowa formu\u0142a zapewnia pe\u0142ne odgrzybianie i dezynfekcj\u0119 w jednym procesie, eliminuj\u0105c zagro\u017cenia biologiczne.<\/p>\n<p>&#8211; Zabezpieczenie Przed Ple\u015bni\u0105: Tworzy barier\u0119 ochronn\u0105, kt\u00f3ra zapobiega rozwojowi ple\u015bni i drobnoustroj\u00f3w, zapewniaj\u0105c d\u0142ugotrwa\u0142\u0105 higien\u0119, nawet gdy urz\u0105dzenie nie jest u\u017cywane przez d\u0142u\u017cszy czas.<\/p>\n<h3>SPOS\u00d3B U\u017bYCIA:<\/h3>\n<ol>\n<li>Uwaga: Zawsze nale\u017cy przestrzega\u0107 zalece\u0144 instrukcji producenta mikrofal\u00f3wki.<\/li>\n<li>Opr\u00f3\u017cnij mikrofal\u00f3wk\u0119, usuwaj\u0105c wszelkie naczynia i akcesoria.<\/li>\n<li>Spryskaj preparatem NANOCLEAN AC8 DO MIKROFAL\u00d3WKI wszystkie powierzchnie wewn\u0105trz mikrofal\u00f3wki, w tym talerz obrotowy, komor\u0119 i uszczelki drzwi, i odczekaj 5-15 minut, aby zdezynfekowa\u0107 wszystkie powierzchnie.<\/li>\n<li>Spryskaj mikrofibr\u0119 i przetrzyj wszystkie spryskane powierzchnie.<\/li>\n<li>Talerz obrotowy i inne wyjmowane cz\u0119\u015bci wyczy\u015b\u0107 mechanicznie szczotk\u0105 lub g\u0105bk\u0105 i wyp\u0142ucz pod bie\u017c\u0105c\u0105 wod\u0105.<\/li>\n<li>Zamontuj wyczyszczone cz\u0119\u015bci z powrotem w mikrofal\u00f3wce.<\/li>\n<li>W\u0142\u0105cz mikrofal\u00f3wk\u0119 na kr\u00f3tki cykl bez jedzenia, aby zako\u0144czy\u0107 proces czyszczenia i dezynfekcji.<\/li>\n<\/ol>\n<p>Uwaga: NANOCLEAN AC8 r\u00f3wnie\u017c sprawdza si\u0119 w przypadkach awaryjnych. Natychmiastowo usuwa wszelkie przykre zapachy, czy\u015bci i dezynfekuje, gdy mikrofal\u00f3wka zosta\u0142a zanieczyszczona resztkami jedzenia lub ple\u015bni\u0105 w wyniku niew\u0142a\u015bciwej eksploatacji.<\/p>\n<p>Produkt\u00f3w biob\u00f3jczych nale\u017cy u\u017cywa\u0107 z zachowaniem \u015brodk\u00f3w ostro\u017cno\u015bci. Przed ka\u017cdym u\u017cyciem nale\u017cy przeczyta\u0107 etykiet\u0119 i informacje dotycz\u0105ce produktu.<\/p>\n<h3>DOPUSZCZENIA:<\/h3>\n<p>&#8211; Pozwolenie na obr\u00f3t produktem biob\u00f3jczym: Nr 7406\/18.<\/p>\n<p>&#8211; Atest PZH: Nr B.BK.60112.0333.2023.<\/p>\n<p>&#8211; NIEPALNY: Bezalkoholowa formu\u0142a na bazie wodnej, niepalna, bez kwas\u00f3w, fenoli, wolna od rozpuszczalnik\u00f3w organicznych.<\/p>\n","protected":false},"excerpt":{"rendered":"<h3><strong>NANOCLEAN AC8 DO MIKROFAL\u00d3WKI<\/strong><br \/>\nKompleksowa Piel\u0119gnacja i Higiena Twojej Mikrofal\u00f3wki<\/h3>\n[<strong>AC8G490K5<\/strong>]\n<p>5w1: Czyszczenie, Od\u015bwie\u017canie, Odgrzybianie, Dezynfekcja, Zabezpieczenie<\/p>\n<p>Odkryj NANOCLEAN AC8 DO MIKROFAL\u00d3WKI, innowacyjny preparat 5w1, kt\u00f3ry zapewnia kompleksow\u0105 piel\u0119gnacj\u0119 Twojej mikrofal\u00f3wki. Ten wyj\u0105tkowy produkt czy\u015bci, od\u015bwie\u017ca, odgrzybia, dezynfekuje i zabezpiecza przed rozwojem ple\u015bni oraz przykrego zapachu, gwarantuj\u0105c nieskaziteln\u0105 czysto\u015b\u0107 i higien\u0119.<\/p>\n","protected":false},"featured_media":8576,"comment_status":"open","ping_status":"closed","template":"","meta":[],"product_brand":[],"product_cat":[76],"product_tag":[],"class_list":{"0":"post-8366","1":"product","2":"type-product","3":"status-publish","4":"has-post-thumbnail","6":"product_cat-klima-home","8":"first","9":"instock","10":"taxable","11":"shipping-taxable","12":"product-type-simple"},"_links":{"self":[{"href":"https:\/\/www.nanoclean-air.com\/pl\/wp-json\/wp\/v2\/product\/8366","targetHints":{"allow":["GET"]}}],"collection":[{"href":"https:\/\/www.nanoclean-air.com\/pl\/wp-json\/wp\/v2\/product"}],"about":[{"href":"https:\/\/www.nanoclean-air.com\/pl\/wp-json\/wp\/v2\/types\/product"}],"replies":[{"embeddable":true,"href":"https:\/\/www.nanoclean-air.com\/pl\/wp-json\/wp\/v2\/comments?post=8366"}],"wp:featuredmedia":[{"embeddable":true,"href":"https:\/\/www.nanoclean-air.com\/pl\/wp-json\/wp\/v2\/media\/8576"}],"wp:attachment":[{"href":"https:\/\/www.nanoclean-air.com\/pl\/wp-json\/wp\/v2\/media?parent=8366"}],"wp:term":[{"taxonomy":"product_brand","embeddable":true,"href":"https:\/\/www.nanoclean-air.com\/pl\/wp-json\/wp\/v2\/product_brand?post=8366"},{"taxonomy":"product_cat","embeddable":true,"href":"https:\/\/www.nanoclean-air.com\/pl\/wp-json\/wp\/v2\/product_cat?post=8366"},{"taxonomy":"product_tag","embeddable":true,"href":"https:\/\/www.nanoclean-air.com\/pl\/wp-json\/wp\/v2\/product_tag?post=8366"}],"curies":[{"name":"wp","href":"https:\/\/api.w.org\/{rel}","templated":true}]}}