{"id":8371,"date":"2024-05-28T07:54:24","date_gmt":"2024-05-28T05:54:24","guid":{"rendered":"https:\/\/www.nanoclean-air.com\/?post_type=product&#038;p=8371"},"modified":"2024-09-05T08:10:59","modified_gmt":"2024-09-05T06:10:59","slug":"plyn-czyszczaco-dezynfekujacy-do-tapicerki-nanocleanac8-home","status":"publish","type":"product","link":"https:\/\/www.nanoclean-air.com\/pl\/product\/plyn-czyszczaco-dezynfekujacy-do-tapicerki-nanocleanac8-home\/","title":{"rendered":"P\u0142yn czyszcz\u0105co-dezynfekuj\u0105cy do tapicerki NANOCLEAN\u00aeAC8 Home"},"content":{"rendered":"<h3>UNIKALNE W\u0141A\u015aCIWO\u015aCI:<\/h3>\n<p>&#8211; Innowacyjna formu\u0142a Bez Chloru i Bez Alkoholu: Praca bez szkodliwych opar\u00f3w, bezpieczniejsza praca i komfort.<\/p>\n<p>&#8211; Bezzapachowy lub delikatny lawendowy: Wybierz wersj\u0119 bezzapachow\u0105 lub delikatny, lawendowy aromat dla dodatkowego od\u015bwie\u017cenia.<\/p>\n<p>&#8211; Eliminacja ple\u015bni i bakterii: Pe\u0142ne Spektrum Biob\u00f3jcze to jedyne na rynku rozwi\u0105zanie, kt\u00f3re skutecznie eliminuje bakterie, wirusy, grzyby, ple\u015b\u0144, spory i pr\u0105tki, zapewniaj\u0105c najwy\u017cszy poziom higieny.<\/p>\n<p>&#8211; Bezpieczny dla tkanin i materia\u0142\u00f3w: Formu\u0142a opracowana z my\u015bl\u0105 o delikatnych materia\u0142ach, bez ryzyka uszkodze\u0144.<\/p>\n<h3>KORZY\u015aCI STOSOWANIA:<\/h3>\n<p>&#8211; Natychmiastowa Neutralizacja Zapach\u00f3w: Usuwa wszelkie nieprzyjemne zapachy, pozostawiaj\u0105c meble \u015bwie\u017ce i gotowe do u\u017cytku.<\/p>\n<p>&#8211; Efektywne Czyszczenie: Skutecznie usuwa plamy krwi, jedzenia, kawy, kurz, roztocze, osady, dbaj\u0105c o czysto\u015b\u0107 wszystkich element\u00f3w tapicerki i mebli.<\/p>\n<p>&#8211; Odgrzybianie i Dezynfekcja: Kompleksowa formu\u0142a zapewnia pe\u0142ne odgrzybianie i dezynfekcj\u0119 w jednym procesie, eliminuj\u0105c zagro\u017cenia biologiczne.<\/p>\n<p>&#8211; Zabezpieczenie Przed Ple\u015bni\u0105: Tworzy barier\u0119 ochronn\u0105, kt\u00f3ra zapobiega rozwojowi ple\u015bni i drobnoustroj\u00f3w, zapewniaj\u0105c d\u0142ugotrwa\u0142\u0105 higien\u0119.<\/p>\n<p>&#8211; Wyd\u0142u\u017ca \u017cywotno\u015b\u0107 tapicerki: Doskona\u0142y do prania tapicerki odkurzaczem pior\u0105cym, zapobiega nieprzyjemnym zapachom i odplamia<\/p>\n<h3>SPOS\u00d3B U\u017bYCIA:<\/h3>\n<ol>\n<li>Uwaga: Zawsze nale\u017cy przestrzega\u0107 zalece\u0144 instrukcji producenta mebli i tapicerki.<\/li>\n<li>Odkurz tapicerk\u0119 i powierzchnie mebli, aby usun\u0105\u0107 lu\u017any kurz i zanieczyszczenia.<\/li>\n<li>Spryskaj preparatem NANOCLEAN AC8 DO CZYSZCZENIA I DEZYNFEKCJI TAPICERKI I MEBLI wszystkie powierzchnie tapicerki i mebli, w tym trudnodost\u0119pne miejsca, i odczekaj 5-15 minut, aby odgrzybi\u0107 wszystkie powierzchnie.<\/li>\n<li>Spryskaj mikrofibr\u0119 i przetrzyj wszystkie spryskane powierzchnie. W razie potrzeby u\u017cy\u0107 odkurzacza pior\u0105cego z wod\u0105.<\/li>\n<li>W razie potrzeby, przetrzyj powierzchnie tapicerki i mebli czyst\u0105, wilgotn\u0105 \u015bciereczk\u0105, aby usun\u0105\u0107 pozosta\u0142o\u015bci preparatu.<\/li>\n<li>Pozw\u00f3l tapicerce i meblom dok\u0142adnie wyschn\u0105\u0107 przed ponownym u\u017cytkowaniem.<\/li>\n<\/ol>\n<p>Uwaga: NANOCLEAN AC8 r\u00f3wnie\u017c sprawdza si\u0119 w przypadkach awaryjnych. Natychmiastowo usuwa wszelkie przykre zapachy, czy\u015bci i dezynfekuje, gdy tapicerka lub meble zosta\u0142y zanieczyszczone przez wypadki domowe lub zalanie.<\/p>\n<p>Produkt\u00f3w biob\u00f3jczych nale\u017cy u\u017cywa\u0107 z zachowaniem \u015brodk\u00f3w ostro\u017cno\u015bci. Przed ka\u017cdym u\u017cyciem nale\u017cy przeczyta\u0107 etykiet\u0119 i informacje dotycz\u0105ce produktu.<\/p>\n<h3>DOPUSZCZENIA:<\/h3>\n<p>&#8211; Pozwolenie na obr\u00f3t produktem biob\u00f3jczym: Nr 7406\/18.<\/p>\n<p>&#8211; Atest PZH: Nr B.BK.60112.0333.2023.<\/p>\n<p>&#8211; NIEPALNY: Bezalkoholowa formu\u0142a na bazie wodnej, niepalna, bez kwas\u00f3w, fenoli, wolna od rozpuszczalnik\u00f3w organicznych.<\/p>\n<h3>\u00a0PORADY DLA U\u017bYTKOWNIK\u00d3W MEBLI:<\/h3>\n<p>&#8211; Regularne Czyszczenie: Regularne czyszczenie tapicerki i mebli, aby zapobiega\u0107 gromadzeniu si\u0119 kurzu i alergen\u00f3w, co zapewni lepsz\u0105 jako\u015b\u0107 powietrza i d\u0142u\u017csz\u0105 \u017cywotno\u015b\u0107 mebli.<\/p>\n<p>&#8211; U\u017cywaj Nak\u0142adek Ochronnych: Nak\u0142adki ochronne pomagaj\u0105 chroni\u0107 tapicerk\u0119 przed plamami i zanieczyszczeniami, a tak\u017ce u\u0142atwiaj\u0105 utrzymanie jej w czysto\u015bci.<\/p>\n<p>&#8211; Unikaj Prze\u0142adowania: Prze\u0142adowanie mebli mo\u017ce prowadzi\u0107 do uszkodze\u0144 materia\u0142u i gromadzenia si\u0119 zanieczyszcze\u0144, co mo\u017ce powodowa\u0107 nieprzyjemne zapachy.<\/p>\n<p>&#8211; Wentylacja: Regularnie wietrz pomieszczenia z meblami, aby zapobiega\u0107 gromadzeniu si\u0119 wilgoci i rozwojowi ple\u015bni.<\/p>\n<p>Wybierz NANOCLEAN AC8 DO CZYSZCZENIA I DEZYNFEKCJI TAPICERKI I MEBLI i zapewnij swoim meblom kompleksow\u0105 piel\u0119gnacj\u0119 oraz najwy\u017cszy poziom higieny. Dbaj o swoje meble z NANOCLEAN AC8 i ciesz si\u0119 czysto\u015bci\u0105 oraz \u015bwie\u017co\u015bci\u0105 ka\u017cdego dnia.<\/p>\n<p>Kup teraz i do\u015bwiadcz r\u00f3\u017cnicy.<\/p>\n","protected":false},"excerpt":{"rendered":"<h3>NANOCLEAN AC8 DO CZYSZCZENIA I DEZYNFEKCJI TAPICERKI I MEBLI<br \/>\nKompleksowa Piel\u0119gnacja i Higiena Twoich Mebli<\/h3>\n[AC8G490L5]\n<p>5w1: Czyszczenie, Od\u015bwie\u017canie, Odgrzybianie, Dezynfekcja, Zabezpieczenie<\/p>\n<p>Odkryj NANOCLEAN AC8 DO CZYSZCZENIA I DEZYNFEKCJI TAPICERKI I MEBLI, innowacyjny preparat 5w1, kt\u00f3ry zapewnia kompleksow\u0105 piel\u0119gnacj\u0119 Twoich mebli tapicerowanych. Ten wyj\u0105tkowy produkt czy\u015bci, od\u015bwie\u017ca, odgrzybia, dezynfekuje i zabezpiecza przed rozwojem ple\u015bni oraz przykrego zapachu, gwarantuj\u0105c nieskaziteln\u0105 czysto\u015b\u0107 i higien\u0119.<\/p>\n","protected":false},"featured_media":8564,"comment_status":"open","ping_status":"closed","template":"","meta":[],"product_brand":[],"product_cat":[76],"product_tag":[],"class_list":{"0":"post-8371","1":"product","2":"type-product","3":"status-publish","4":"has-post-thumbnail","6":"product_cat-klima-home","8":"first","9":"instock","10":"taxable","11":"shipping-taxable","12":"product-type-simple"},"_links":{"self":[{"href":"https:\/\/www.nanoclean-air.com\/pl\/wp-json\/wp\/v2\/product\/8371","targetHints":{"allow":["GET"]}}],"collection":[{"href":"https:\/\/www.nanoclean-air.com\/pl\/wp-json\/wp\/v2\/product"}],"about":[{"href":"https:\/\/www.nanoclean-air.com\/pl\/wp-json\/wp\/v2\/types\/product"}],"replies":[{"embeddable":true,"href":"https:\/\/www.nanoclean-air.com\/pl\/wp-json\/wp\/v2\/comments?post=8371"}],"wp:featuredmedia":[{"embeddable":true,"href":"https:\/\/www.nanoclean-air.com\/pl\/wp-json\/wp\/v2\/media\/8564"}],"wp:attachment":[{"href":"https:\/\/www.nanoclean-air.com\/pl\/wp-json\/wp\/v2\/media?parent=8371"}],"wp:term":[{"taxonomy":"product_brand","embeddable":true,"href":"https:\/\/www.nanoclean-air.com\/pl\/wp-json\/wp\/v2\/product_brand?post=8371"},{"taxonomy":"product_cat","embeddable":true,"href":"https:\/\/www.nanoclean-air.com\/pl\/wp-json\/wp\/v2\/product_cat?post=8371"},{"taxonomy":"product_tag","embeddable":true,"href":"https:\/\/www.nanoclean-air.com\/pl\/wp-json\/wp\/v2\/product_tag?post=8371"}],"curies":[{"name":"wp","href":"https:\/\/api.w.org\/{rel}","templated":true}]}}