{"id":8616,"date":"2024-11-12T12:16:49","date_gmt":"2024-11-12T11:16:49","guid":{"rendered":"https:\/\/www.nanoclean-air.com\/?post_type=product&#038;p=8616"},"modified":"2024-11-20T09:49:50","modified_gmt":"2024-11-20T08:49:50","slug":"nanoclean-ac-foam-spray","status":"publish","type":"product","link":"https:\/\/www.nanoclean-air.com\/pl\/product\/nanoclean-ac-foam-spray\/","title":{"rendered":"NANOCLEAN AC FOAM SPRAY"},"content":{"rendered":"<p><strong>Kluczowe cechy:<\/strong><\/p>\n<ul>\n<li><strong>Silna Aktywna Formu\u0142a:<\/strong> Czy\u015bci, odt\u0142uszcza, usuwa plamy i od\u015bwie\u017ca powierzchnie.<\/li>\n<li><strong>Szeroka Kompatybilno\u015b\u0107:<\/strong> Bezpieczna do stosowania na twardych i mi\u0119kkich powierzchniach, takich jak plastik, metal (w tym metal malowany), drewno, sk\u00f3ra, szk\u0142o i tkaniny.<\/li>\n<li><strong>Skuteczno\u015b\u0107 na r\u00f3\u017cnych zanieczyszczeniach:<\/strong> Usuwa t\u0142uszcz, oleje, tusze, kleje, resztki etykiet, odciski palc\u00f3w i inne powszechne zabrudzenia.<\/li>\n<li><strong>Przyjemny, \u015awie\u017cy Zapach:<\/strong> Zostawia po ka\u017cdym u\u017cyciu czysty, od\u015bwie\u017caj\u0105cy zapach.<\/li>\n<li><strong>Ochrona Antystatyczna:<\/strong> Zapobiega gromadzeniu si\u0119 kurzu na czyszczonych powierzchniach.<\/li>\n<li><strong>Czyszczenie bez wody:<\/strong> Nie wymaga u\u017cycia wody do czyszczenia powierzchni \u2013 wystarczy spryska\u0107 i przetrze\u0107!<\/li>\n<\/ul>\n<p><strong>Zastosowanie:<\/strong><\/p>\n<ul>\n<li>Jednostki klimatyzacyjne podczas instalacji lub konserwacji (obudowy, filtry, mechanizmy, narz\u0119dzia, usuwanie odcisk\u00f3w palc\u00f3w).<\/li>\n<li>Idealny do biur, dom\u00f3w, warsztat\u00f3w, hal produkcyjnych, \u0142azienek, kuchni i innych.<\/li>\n<li>Doskona\u0142y do czyszczenia maszyn, urz\u0105dze\u0144 elektronicznych, sprz\u0119tu AGD, komputer\u00f3w, sprz\u0119tu sportowego, pojazd\u00f3w i samochod\u00f3w.<\/li>\n<\/ul>\n<p><strong>Jak u\u017cywa\u0107:<\/strong><\/p>\n<ol>\n<li>Przed u\u017cyciem przetestuj produkt na ma\u0142o widocznej powierzchni.<\/li>\n<li>Wstrz\u0105\u015bnij puszk\u0105 aerozolow\u0105 przed u\u017cyciem.<\/li>\n<li>Spryskaj powierzchni\u0119 z odleg\u0142o\u015bci 5-15 cm lub na \u015bciereczk\u0119.<\/li>\n<li>Wytrzyj powierzchni\u0119 na sucho za pomoc\u0105 \u015bciereczki z mikrofibry.<\/li>\n<\/ol>\n<p><strong>Uwaga:<\/strong> Tylko do u\u017cytku profesjonalnego.<\/p>\n<p><strong>NANOCLEAN AC FOAM SPRAY<\/strong> to idealne rozwi\u0105zanie do szybkiego i skutecznego czyszczenia, kt\u00f3re przywraca naturalny wygl\u0105d powierzchni, dzi\u0119ki czemu jest doskona\u0142e dla szerokiego zakresu bran\u017c i zastosowa\u0144.<\/p>\n","protected":false},"excerpt":{"rendered":"<p><strong>Uniwersalna Aktywna Pianka Czyszcz\u0105ca (400 ml)<\/strong><br \/>\nIdealne rozwi\u0105zanie do skutecznego czyszczenia bez u\u017cycia wody<\/p>\n<p>NANOCLEAN AC FOAM SPRAY to mocna, wszechstronna pianka czyszcz\u0105ca, zaprojektowana z my\u015bl\u0105 o systemach klimatyzacyjnych podczas instalacji i serwisowania, ale doskona\u0142a r\u00f3wnie\u017c do wielu innych zada\u0144 czyszcz\u0105cych. Ta bezwodna formu\u0142a skutecznie usuwa brud, t\u0142uszcz, olej, plamy, odciski palc\u00f3w, kleje i inne zanieczyszczenia, pozostawiaj\u0105c powierzchnie nieskazitelnie czyste i od\u015bwie\u017cone \u2013 bez potrzeby u\u017cywania wody.<\/p>\n","protected":false},"featured_media":8645,"comment_status":"closed","ping_status":"closed","template":"","meta":[],"product_brand":[],"product_cat":[74],"product_tag":[],"class_list":{"0":"post-8616","1":"product","2":"type-product","3":"status-publish","4":"has-post-thumbnail","6":"product_cat-klima-went","8":"first","9":"instock","10":"taxable","11":"shipping-taxable","12":"product-type-simple"},"_links":{"self":[{"href":"https:\/\/www.nanoclean-air.com\/pl\/wp-json\/wp\/v2\/product\/8616","targetHints":{"allow":["GET"]}}],"collection":[{"href":"https:\/\/www.nanoclean-air.com\/pl\/wp-json\/wp\/v2\/product"}],"about":[{"href":"https:\/\/www.nanoclean-air.com\/pl\/wp-json\/wp\/v2\/types\/product"}],"replies":[{"embeddable":true,"href":"https:\/\/www.nanoclean-air.com\/pl\/wp-json\/wp\/v2\/comments?post=8616"}],"wp:featuredmedia":[{"embeddable":true,"href":"https:\/\/www.nanoclean-air.com\/pl\/wp-json\/wp\/v2\/media\/8645"}],"wp:attachment":[{"href":"https:\/\/www.nanoclean-air.com\/pl\/wp-json\/wp\/v2\/media?parent=8616"}],"wp:term":[{"taxonomy":"product_brand","embeddable":true,"href":"https:\/\/www.nanoclean-air.com\/pl\/wp-json\/wp\/v2\/product_brand?post=8616"},{"taxonomy":"product_cat","embeddable":true,"href":"https:\/\/www.nanoclean-air.com\/pl\/wp-json\/wp\/v2\/product_cat?post=8616"},{"taxonomy":"product_tag","embeddable":true,"href":"https:\/\/www.nanoclean-air.com\/pl\/wp-json\/wp\/v2\/product_tag?post=8616"}],"curies":[{"name":"wp","href":"https:\/\/api.w.org\/{rel}","templated":true}]}}