{"id":8850,"date":"2024-11-13T14:02:42","date_gmt":"2024-11-13T13:02:42","guid":{"rendered":"https:\/\/www.nanoclean-air.com\/?post_type=product&#038;p=8850"},"modified":"2024-11-20T09:49:38","modified_gmt":"2024-11-20T08:49:38","slug":"nanoclean-wykrywacz-nieszczelnosci-gazu-aerozol-500-ml","status":"publish","type":"product","link":"https:\/\/www.nanoclean-air.com\/pl\/product\/nanoclean-wykrywacz-nieszczelnosci-gazu-aerozol-500-ml\/","title":{"rendered":"NANOCLEAN WYKRYWACZ NIESZCZELNO\u015aCI GAZU \u2013 Aerozol 500 ml"},"content":{"rendered":"<p><strong>Kluczowe cechy:<\/strong><\/p>\n<ul>\n<li><strong>Wysoka skuteczno\u015b\u0107:<\/strong> Precyzyjnie lokalizuje nieszczelno\u015bci, w tym nawet najmniejsze (&lt;7 mbar).<\/li>\n<li><strong>Wszechstronne zastosowanie:<\/strong> Idealny do instalacji gazowych, pneumatycznych, motoryzacyjnych, ch\u0142odniczych i przemys\u0142owych, w tym w bran\u017cy energetycznej, g\u00f3rniczej, motoryzacyjnej, budowlanej, stoczniowej, papierniczej i chemicznej.<\/li>\n<li><strong>\u0141atwo\u015b\u0107 u\u017cycia:<\/strong> Wygodny aerozol z zaworem 360\u00b0 pozwala na aplikacj\u0119 w dowolnej pozycji, zapewniaj\u0105c elastyczno\u015b\u0107 w ka\u017cdej sytuacji.<\/li>\n<li><strong>Nietoksyczny i niekorozyjny:<\/strong> Bezpieczny dla u\u017cytkownika i urz\u0105dze\u0144, bez szkodliwego lub korozyjnego dzia\u0142ania.<\/li>\n<li><strong>Bezpieczny dla \u015brodowiska:<\/strong> Gaz no\u015bny jest nieszkodliwy dla \u015brodowiska.<\/li>\n<li><strong>Niepalny i nie powoduj\u0105cy podra\u017cnie\u0144:<\/strong> Formu\u0142a bezpieczna do stosowania w r\u00f3\u017cnych warunkach, bez ryzyka po\u017caru czy podra\u017cnie\u0144.<\/li>\n<li><strong>Zgodny z DVGW:<\/strong> Spe\u0142nia najwy\u017csze standardy bran\u017cowe dotycz\u0105ce bezpiecze\u0144stwa gazowego.<\/li>\n<\/ul>\n<p><strong>Instrukcja u\u017cycia:<\/strong><\/p>\n<ol>\n<li>Dobrze wstrz\u0105\u015bnij puszk\u0105 aerozolu przed u\u017cyciem.<\/li>\n<li>Rozpylaj z odleg\u0142o\u015bci 15-30 cm na obszary, kt\u00f3re chcesz przetestowa\u0107.<\/li>\n<li>W miejscu wycieku pojawi\u0105 si\u0119 p\u0119cherzyki, wyra\u017anie wskazuj\u0105c miejsce nieszczelno\u015bci gazu.<\/li>\n<li>Specjalny zaw\u00f3r 360\u00b0 umo\u017cliwia aplikacj\u0119 w r\u00f3\u017cnych kierunkach pod r\u00f3\u017cnymi ci\u015bnieniami i z r\u00f3\u017cnych odleg\u0142o\u015bci.<\/li>\n<\/ol>\n<p>Niezale\u017cnie od tego, czy chodzi o obiekty przemys\u0142owe, systemy motoryzacyjne czy jednostki ch\u0142odnicze, NANOCLEAN WYKRYWACZ NIESZCZELNO\u015aCI GAZU oferuje szybkie, efektywne i przyjazne dla \u015brodowiska rozwi\u0105zanie do wykrywania wyciek\u00f3w gazu.<\/p>\n","protected":false},"excerpt":{"rendered":"<p>Zadbaj o bezpiecze\u0144stwo i wydajno\u015b\u0107 swoich system\u00f3w gazowych, pneumatycznych i ch\u0142odniczych dzi\u0119ki NANOCLEAN WYKRYWACZ NIESZCZELNO\u015aCI GAZU. Ten skuteczny spray do wykrywania nieszczelno\u015bci zosta\u0142 zaprojektowany, aby szybko i precyzyjnie identyfikowa\u0107 nawet najmniejsze wycieki gazu w r\u00f3\u017cnorodnych instalacjach przemys\u0142owych, motoryzacyjnych i ch\u0142odniczych. Bez wzgl\u0119du na to, czy sprawdzasz rury, po\u0142\u0105czenia, zawory, spr\u0119\u017carki, systemy klimatyzacji czy urz\u0105dzenia przemys\u0142owe, ten \u0142atwy w u\u017cyciu aerozol zapewnia skuteczne rozwi\u0105zanie do wykrywania nieszczelno\u015bci ju\u017c od &lt;7 mbar.<\/p>\n","protected":false},"featured_media":8673,"comment_status":"closed","ping_status":"closed","template":"","meta":[],"product_brand":[],"product_cat":[74],"product_tag":[],"class_list":{"0":"post-8850","1":"product","2":"type-product","3":"status-publish","4":"has-post-thumbnail","6":"product_cat-klima-went","8":"first","9":"instock","10":"taxable","11":"shipping-taxable","12":"product-type-simple"},"_links":{"self":[{"href":"https:\/\/www.nanoclean-air.com\/pl\/wp-json\/wp\/v2\/product\/8850","targetHints":{"allow":["GET"]}}],"collection":[{"href":"https:\/\/www.nanoclean-air.com\/pl\/wp-json\/wp\/v2\/product"}],"about":[{"href":"https:\/\/www.nanoclean-air.com\/pl\/wp-json\/wp\/v2\/types\/product"}],"replies":[{"embeddable":true,"href":"https:\/\/www.nanoclean-air.com\/pl\/wp-json\/wp\/v2\/comments?post=8850"}],"wp:featuredmedia":[{"embeddable":true,"href":"https:\/\/www.nanoclean-air.com\/pl\/wp-json\/wp\/v2\/media\/8673"}],"wp:attachment":[{"href":"https:\/\/www.nanoclean-air.com\/pl\/wp-json\/wp\/v2\/media?parent=8850"}],"wp:term":[{"taxonomy":"product_brand","embeddable":true,"href":"https:\/\/www.nanoclean-air.com\/pl\/wp-json\/wp\/v2\/product_brand?post=8850"},{"taxonomy":"product_cat","embeddable":true,"href":"https:\/\/www.nanoclean-air.com\/pl\/wp-json\/wp\/v2\/product_cat?post=8850"},{"taxonomy":"product_tag","embeddable":true,"href":"https:\/\/www.nanoclean-air.com\/pl\/wp-json\/wp\/v2\/product_tag?post=8850"}],"curies":[{"name":"wp","href":"https:\/\/api.w.org\/{rel}","templated":true}]}}