{"id":10075,"date":"2021-12-08T14:49:48","date_gmt":"2021-12-08T13:49:48","guid":{"rendered":"https:\/\/www.nanoclean-air.com\/?post_type=product&#038;p=10075"},"modified":"2024-11-20T08:15:49","modified_gmt":"2024-11-20T07:15:49","slug":"nanoclean-air-spray-pro-gata-de-utilizare-500-ml-permite-pulverizarea-la-360-functioneaza-in-orice-pozitie","status":"publish","type":"product","link":"https:\/\/www.nanoclean-air.com\/ro\/product\/nanoclean-air-spray-pro-gata-de-utilizare-500-ml-permite-pulverizarea-la-360-functioneaza-in-orice-pozitie\/","title":{"rendered":"NANOCLEAN\u00ae AIR Spray PRO gata de utilizare 500 ml permite pulverizarea la 360\u00b0 \u2013 func\u021bioneaz\u0103 \u00een orice pozi\u021bie"},"content":{"rendered":"<p><strong>NOUL SPRAYER &#8211; STICL\u0102<\/strong><br \/>\n\u2022 Nou sistem de aspira\u021bie \u2013 permite pulverizarea la 360\u00b0 \u2013 func\u021bioneaz\u0103 \u00een orice pozi\u021bie:<br \/>\n\u2022 Pulverizator reglabil infinit \u2013 de la cea\u021b\u0103 la jet<br \/>\n\u2022 M\u00e2nere lungi \u0219i ergonomice pentru operare cu trei degete<br \/>\n\u2022 Pressiune crescut\u0103 la pulverizator<br \/>\n\u2022 Recipient transparent pentru observarea nivelului de lichid<br \/>\n\u2022 Via\u021b\u0103 prelungit\u0103<br \/>\n\u2022 Rezistent la substan\u021be chimice<br \/>\n<strong>CUR\u0102\u021aARE, R\u0102CORIRE PENTRU AEREA CONDI\u021aIONAT\u0102<\/strong><br \/>\n\u2022 \u00cendep\u0103rteaz\u0103 eficient to\u021bi poluan\u021bii care pot afecta calitatea aerului.<br \/>\n\u2022 Elimin\u0103 permanent mirosurile nepl\u0103cute de mucegai \u0219i umiditate.<br \/>\n\u2022 Compatibil cu materialele \u2013 formularea gata de utilizare este sigur\u0103 pentru majoritatea metalelor, suprafe\u021belor vopsite, cauciucurilor, plasticurilor \u0219i \u021bes\u0103turilor.<br \/>\n\u2022 Dup\u0103 evaporare, las\u0103 o suprafa\u021b\u0103 uscat\u0103 \u0219i curat\u0103, rezistent\u0103 la atragerea prafului.<br \/>\n<strong>DE-SFUMARE \u0218I DEZINFECARE PENTRU AEREA CONDI\u021aIONAT\u0102<\/strong><br \/>\n\u2022 Este singurul preparat cu SPECTRU BIOCIDAL COMPLET (Viru\u0219i, Bacterii, Fungi, Micobacterii, Spori p\u00e2n\u0103 la 15 minute).<br \/>\n\u2022 Elimin\u0103 Legionella pneumophila \u00een 1 minut.<br \/>\n\u2022 Eficacitatea confirmat\u0103 prin teste conform standardelor europene: EN1040, EN13727, EN1276, EN13697, EN13623, EN1275, EN1650, EN14476, EN13704, EN14348.<br \/>\n\u2022 Permis de comercializare a produselor biocide Nr. 7406\/18.<br \/>\n\u2022 Aprobarea PZH nr. B.BK.60112.0333.2023.<br \/>\n\u2022 O nou\u0103 standard de siguran\u021b\u0103 \u00eempotriva infec\u021biilor \u0219i contamin\u0103rii prin aer.<br \/>\n<strong>ECONOMISIREA TIMPULUI<\/strong><br \/>\n\u2022 Cur\u0103\u021b\u0103, r\u0103core\u0219te, dezinfecteaz\u0103, protejeaz\u0103.<br \/>\n<strong>SATISFAC\u021aIA CLIENTULUI<\/strong><br \/>\n\u2022 Miros pl\u0103cut \u0219i de lung\u0103 durat\u0103.<br \/>\n\u2022 F\u0103r\u0103 risc de incendiu la depozitare \u2013 produs pe baz\u0103 de ap\u0103, neinflamabil.<br \/>\n\u2022 Nu con\u021bine acizi, fenoli (periculoase pentru femeile \u00eens\u0103rcinate, animale) \u0219i solven\u021bi organici.<br \/>\n\u2022 Satisfac\u021bie complet\u0103 a clientului \u2013 f\u0103r\u0103 reclama\u021bii.<\/p>\n<p>Produsele biocide trebuie utilizate cu precau\u021bie.<br \/>\nCiti\u021bi eticheta \u0219i informa\u021biile produsului \u00eenainte de fiecare utilizare.<\/p>\n","protected":false},"excerpt":{"rendered":"<p>Singurul produs de pe pia\u021b\u0103 pentru cur\u0103\u021barea, r\u0103corirea, dezinfectarea \u0219i desfumarea evaporatoarelor \u0219i condensatoarelor aparatelor de aer condi\u021bionat \u0219i altor echipamente HVAC cu spectru BIOCIDAL COMPLET \u00een p\u00e2n\u0103 la 15 minute.<br \/>\nElimin\u0103 eficient to\u021bi contaminan\u021bii care pot afecta calitatea aerului.<br \/>\nLas\u0103 un miros pl\u0103cut \u0219i r\u0103coritor.<br \/>\n\u2022 FRESC\u0102NE\u021aE. \u00cendep\u0103rteaz\u0103 mirosurile nepl\u0103cute l\u0103s\u00e2nd un miros pl\u0103cut pentru mai mult timp.<br \/>\n\u2022 CONFIDEN\u021a\u0102.<br \/>\nSPECTRU BIOCIDAL COMPLET: Viru\u0219i, fungi, bacterii, spori, micobacterii. Legionella pneumophila \u00een 1 minut.<br \/>\n\u2022 EFICACITATE. Confirmat\u0103 prin teste conform standardelor europene: EN1040, EN13727, EN1276, EN13697, EN13623, EN1275, EN1650, EN14476, EN13704, EN14348<br \/>\n\u2022 EFICIEN\u021a\u0102 \u00ceN CUR\u0102\u021aARE. Datorit\u0103 bazei active multicompuse.<br \/>\n\u2022 CLIEN\u021aI SATISF\u0102CU\u021aI. Cu cur\u0103\u021bare \u0219i dezinfectare eficiente.<br \/>\nALL IN ONE = CUR\u0102\u021aARE + R\u0102CORIRE + DE-SFUMARE + DEZINFECARE = 1 PRODUS = 1 PROCES<\/p>\n","protected":false},"featured_media":10151,"comment_status":"open","ping_status":"closed","template":"","meta":[],"product_brand":[],"product_cat":[351],"product_tag":[],"class_list":{"0":"post-10075","1":"product","2":"type-product","3":"status-publish","4":"has-post-thumbnail","6":"product_cat-hvac-ro","7":"pa_capacity-500-ml-ro","9":"first","10":"instock","11":"featured","12":"taxable","13":"shipping-taxable","14":"product-type-variable"},"_links":{"self":[{"href":"https:\/\/www.nanoclean-air.com\/ro\/wp-json\/wp\/v2\/product\/10075","targetHints":{"allow":["GET"]}}],"collection":[{"href":"https:\/\/www.nanoclean-air.com\/ro\/wp-json\/wp\/v2\/product"}],"about":[{"href":"https:\/\/www.nanoclean-air.com\/ro\/wp-json\/wp\/v2\/types\/product"}],"replies":[{"embeddable":true,"href":"https:\/\/www.nanoclean-air.com\/ro\/wp-json\/wp\/v2\/comments?post=10075"}],"wp:featuredmedia":[{"embeddable":true,"href":"https:\/\/www.nanoclean-air.com\/ro\/wp-json\/wp\/v2\/media\/10151"}],"wp:attachment":[{"href":"https:\/\/www.nanoclean-air.com\/ro\/wp-json\/wp\/v2\/media?parent=10075"}],"wp:term":[{"taxonomy":"product_brand","embeddable":true,"href":"https:\/\/www.nanoclean-air.com\/ro\/wp-json\/wp\/v2\/product_brand?post=10075"},{"taxonomy":"product_cat","embeddable":true,"href":"https:\/\/www.nanoclean-air.com\/ro\/wp-json\/wp\/v2\/product_cat?post=10075"},{"taxonomy":"product_tag","embeddable":true,"href":"https:\/\/www.nanoclean-air.com\/ro\/wp-json\/wp\/v2\/product_tag?post=10075"}],"curies":[{"name":"wp","href":"https:\/\/api.w.org\/{rel}","templated":true}]}}