{"id":10489,"date":"2024-08-08T13:21:07","date_gmt":"2024-08-08T11:21:07","guid":{"rendered":"https:\/\/www.nanoclean-air.com\/?post_type=product&#038;p=10489"},"modified":"2024-11-20T09:06:01","modified_gmt":"2024-11-20T08:06:01","slug":"nanoclean-air-concentrat-pentru-curatarea-reimprospatarea-defumigarea-si-dezinfectarea-aerului-conditionat-si-a-ventilatiei","status":"publish","type":"product","link":"https:\/\/www.nanoclean-air.com\/ro\/product\/nanoclean-air-concentrat-pentru-curatarea-reimprospatarea-defumigarea-si-dezinfectarea-aerului-conditionat-si-a-ventilatiei\/","title":{"rendered":"NANOCLEAN\u00ae AIR Concentrat pentru cur\u0103\u021barea, re\u00eemprosp\u0103tarea, defumigarea \u0219i dezinfectarea aerului condi\u021bionat \u0219i a ventila\u021biei"},"content":{"rendered":"<p><strong>Descriere:<\/strong><\/p>\n<p><strong>CUR\u0102\u021aAREA \u0218I RE\u00ceMPROSP\u0102TAREA AERULUI CONDI\u021aIONAT<\/strong><\/p>\n<ul>\n<li>Elimin\u0103 eficient to\u021bi poluan\u021bii care pot afecta calitatea aerului.<\/li>\n<li>\u00cendep\u0103rteaz\u0103 definitiv mirosul nepl\u0103cut de mucegai \u0219i umiditate.<\/li>\n<li>Compatibil cu materialele \u2013 solu\u021bia preparat\u0103 \u00een concentra\u021bie de lucru de 5% (1:19) cu ap\u0103 este compatibil\u0103 cu majoritatea metalelor, suprafe\u021belor vopsite, cauciucurilor, plasticelor, \u021bes\u0103turilor.<\/li>\n<li>Dup\u0103 evaporare, las\u0103 o suprafa\u021b\u0103 uscat\u0103 \u0219i curat\u0103, rezistent\u0103 la atragerea prafului.<\/li>\n<\/ul>\n<p><strong>DEFUMIGAREA \u0218I DEZINFECTAREA AERULUI CONDI\u021aIONAT<\/strong><\/p>\n<ul>\n<li>Singura formul\u0103 cu <strong>SPECTRU BIOCID COMPLET<\/strong> (viru\u0219i, bacterii, fungi, micobacterii, spori \u00een maxim 15 minute).<\/li>\n<li>Elimin\u0103 <strong>Legionella pneumophila<\/strong> \u00een 1 minut.<\/li>\n<li>Eficien\u021b\u0103 confirmat\u0103 prin teste conforme standardelor europene.<\/li>\n<li><strong>Aviz pentru comercializare produs biocid<\/strong> nr. 7420\/18.<\/li>\n<li><strong>Aprobare PZH<\/strong> nr. B.BK.60112.0333.2023.<\/li>\n<li>Un nou standard de siguran\u021b\u0103 \u00eempotriva infec\u021biilor \u0219i contamin\u0103rilor aeropurtate.<\/li>\n<\/ul>\n<p>&nbsp;<\/p>\n<p><strong>ECONOMII:<\/strong><\/p>\n<ul>\n<li>Dezinfectare extrem de economic\u0103.<\/li>\n<li>Concentrat utilizat cu ap\u0103 la o concentra\u021bie de 5% (1:19).<\/li>\n<li><strong>1L de concentrat = 20L solu\u021bie gata de utilizare.<\/strong><\/li>\n<\/ul>\n<p><strong>SATISFAC\u021aIA CLIENTULUI:<\/strong><\/p>\n<ul>\n<li>Parfum pl\u0103cut \u0219i revigorant.<\/li>\n<li>Depozitare \u0219i utilizare f\u0103r\u0103 riscul de incendiu \u2013 produs pe baz\u0103 de ap\u0103, neinflamabil.<\/li>\n<li>F\u0103r\u0103 acizi, fenoli (periculo\u0219i pentru femei gravide, animale) \u0219i solven\u021bi organici.<\/li>\n<li>Satisfac\u021bie deplin\u0103 a clien\u021bilor \u2013 f\u0103r\u0103 reclama\u021bii.<\/li>\n<\/ul>\n","protected":false},"excerpt":{"rendered":"<p><strong>Singurul produs de pe pia\u021b\u0103<\/strong> destinat cur\u0103\u021b\u0103rii, re\u00eemprosp\u0103t\u0103rii, defumig\u0103rii \u0219i dezinfect\u0103rii evaporatoarelor \u0219i condensatoarelor aparatelor de aer condi\u021bionat \u0219i altor echipamente de climatizare \u0219i refrigerare HVAC, cu <strong>SPECTRU BIOCID COMPLET<\/strong> \u00een doar 15 minute.<br \/>\nElimin\u0103 eficient to\u021bi contaminan\u021bii care pot afecta calitatea aerului.<br \/>\nLas\u0103 un parfum pl\u0103cut \u0219i revigorant.<\/p>\n<p><strong>Beneficii:<\/strong><\/p>\n<ul>\n<li><strong>PROSPE\u021aIME<\/strong>: \u00cendep\u0103rteaz\u0103 mirosurile nepl\u0103cute, l\u0103s\u00e2nd un parfum pl\u0103cut de lung\u0103 durat\u0103.<\/li>\n<li><strong>\u00ceNCREDERE<\/strong>:<\/li>\n<\/ul>\n<p><strong>SPECTRU BIOCID COMPLET<\/strong>: Viru\u0219i, fungi, bacterii, spori, micobacterii. Legionella pneumophila \u00een 1 minut.<\/p>\n<ul>\n<li><strong>EFICIEN\u021a\u0102<\/strong>: Confirmat\u0103 prin teste conforme standardelor europene: EN1040, EN13727, EN1276, EN13697, EN13623, EN1275, EN1650, EN14476, EN13704, EN14348.<\/li>\n<li><strong>PERFORMAN\u021a\u0102<\/strong>: Gra\u021bie bazei active multicomponente.<\/li>\n<li><strong>CLIENTI MUL\u021aUMI\u021aI<\/strong>: Cur\u0103\u021bare \u0219i dezinfectare eficiente.<\/li>\n<\/ul>\n<p><strong>TOTUL \u00ceNTR-UNUL<\/strong> = <strong>CUR\u0102\u021aARE + RE\u00ceMPROSP\u0102TARE + DEFUMIGARE + DEZINFECTARE = 1 PRODUS = 1 PROCES<\/strong><\/p>\n","protected":false},"featured_media":10491,"comment_status":"open","ping_status":"closed","template":"","meta":[],"product_brand":[],"product_cat":[351],"product_tag":[],"class_list":{"0":"post-10489","1":"product","2":"type-product","3":"status-publish","4":"has-post-thumbnail","6":"product_cat-hvac-ro","7":"pa_capacity-1-l-ro","8":"pa_smell-citrus-ro","9":"pa_smell-fara-miros","10":"pa_smell-lavanda-ro","11":"pa_smell-orchidea-ro","13":"first","14":"instock","15":"featured","16":"taxable","17":"shipping-taxable","18":"product-type-variable"},"_links":{"self":[{"href":"https:\/\/www.nanoclean-air.com\/ro\/wp-json\/wp\/v2\/product\/10489","targetHints":{"allow":["GET"]}}],"collection":[{"href":"https:\/\/www.nanoclean-air.com\/ro\/wp-json\/wp\/v2\/product"}],"about":[{"href":"https:\/\/www.nanoclean-air.com\/ro\/wp-json\/wp\/v2\/types\/product"}],"replies":[{"embeddable":true,"href":"https:\/\/www.nanoclean-air.com\/ro\/wp-json\/wp\/v2\/comments?post=10489"}],"wp:featuredmedia":[{"embeddable":true,"href":"https:\/\/www.nanoclean-air.com\/ro\/wp-json\/wp\/v2\/media\/10491"}],"wp:attachment":[{"href":"https:\/\/www.nanoclean-air.com\/ro\/wp-json\/wp\/v2\/media?parent=10489"}],"wp:term":[{"taxonomy":"product_brand","embeddable":true,"href":"https:\/\/www.nanoclean-air.com\/ro\/wp-json\/wp\/v2\/product_brand?post=10489"},{"taxonomy":"product_cat","embeddable":true,"href":"https:\/\/www.nanoclean-air.com\/ro\/wp-json\/wp\/v2\/product_cat?post=10489"},{"taxonomy":"product_tag","embeddable":true,"href":"https:\/\/www.nanoclean-air.com\/ro\/wp-json\/wp\/v2\/product_tag?post=10489"}],"curies":[{"name":"wp","href":"https:\/\/api.w.org\/{rel}","templated":true}]}}