{"id":9260,"date":"2021-11-19T19:46:02","date_gmt":"2021-11-19T18:46:02","guid":{"rendered":"https:\/\/www.nanoclean-air.com\/?post_type=product&#038;p=9260"},"modified":"2024-11-19T12:12:49","modified_gmt":"2024-11-19T11:12:49","slug":"nanoclean-air-400ml-aerosol-pentru-curatare-revigorare-degajare-de-fum-si-dezinfectie","status":"publish","type":"product","link":"https:\/\/www.nanoclean-air.com\/ro\/product\/nanoclean-air-400ml-aerosol-pentru-curatare-revigorare-degajare-de-fum-si-dezinfectie\/","title":{"rendered":"NANOCLEAN\u00ae AIR 400ml Aerosol pentru cur\u0103\u021bare, revigorare, degajare de fum \u0219i dezinfec\u021bie"},"content":{"rendered":"<p><strong>CUR\u0102\u021aAREA, REVIGORAREA AERULUI CONDI\u021aIONAT<\/strong><br \/>\n\u2022 \u00cendep\u0103rteaz\u0103 eficient toate poluan\u021bii care pot afecta calitatea aerului.<br \/>\n\u2022 Elimina permanent mirosul nepl\u0103cut de ciuperci \u0219i mirosul nepl\u0103cut de umiditate.<br \/>\n\u2022 Compatibil cu materiale \u2013 spuma de spray este sigur\u0103 pentru majoritatea metalelor, suprafe\u021belor vopsite, cauciucurilor, plasticurilor, \u021bes\u0103turilor.<br \/>\n\u2022 Dup\u0103 evaporare, las\u0103 o suprafa\u021b\u0103 uscat\u0103 \u0219i curat\u0103, rezistent\u0103 la atragerea prafului.<br \/>\n\u2022 Aerosolul are dou\u0103 duze: o duz\u0103 de pulverizare pentru suprafe\u021be \u0219i un furtun de 60 cm cu o duz\u0103 de 360\u00b0 pentru conductele \u00eenchise HVAC.<\/p>\n<p><strong>DEGJARE DE FUM \u0218I DEZINFEC\u021aIE A AERULUI CONDI\u021aIONAT<\/strong><br \/>\n\u2022 Singura formul\u0103 cu SPECTRU BIOCIDAL COMPLET (Viru\u0219i, Bacterii, Fungi, Micobacterii, Spori p\u00e2n\u0103 la 15 minute).<br \/>\n\u2022 \u00cendep\u0103rteaz\u0103 Legionella pneumophila \u00een 1 minut.<br \/>\n\u2022 Eficien\u021b\u0103 confirmat\u0103 prin teste conform standardelor europene: EN1040, EN13727, EN1276, EN13697, EN13623, EN1275, EN1650, EN14476, EN13704, EN14348.<br \/>\n\u2022 Permis de Marketing al Produselor Biocide Nr. 7364\/18.<br \/>\n\u2022 Aprobare PZH Nr. B.BK.60112.0333.2023.<br \/>\n\u2022 Un nou standard de siguran\u021b\u0103 \u00eempotriva infec\u021biilor \u0219i contamin\u0103rilor aeriene.<\/p>\n<p><strong>ECONOMII<\/strong><br \/>\n\u2022 Aplicator precis \u2013 100% utilizare a produsului.<br \/>\n\u2022 Cur\u0103\u021b\u0103, degajeaz\u0103 fumul, dezinfec\u021bioneaz\u0103, revigoreaz\u0103, protejeaz\u0103.<\/p>\n<p><strong>SATISFAC\u021aIA CLIEN\u021aILOR<\/strong><br \/>\n\u2022 Miros pl\u0103cut, de lung\u0103 durat\u0103.<br \/>\n\u2022 F\u0103r\u0103 risc de incendiu la depozitare \u2013 produs pe baz\u0103 de ap\u0103, neinflamabil.<br \/>\n\u2022 Nu con\u021bine acizi, fenoli (periculoase pentru femeile gravide, animale) \u0219i solven\u021bi organici.<br \/>\n\u2022 Satisfac\u021bie complet\u0103 a clien\u021bilor \u2013 f\u0103r\u0103 pl\u00e2ngeri.<\/p>\n<p>Produsele biocide trebuie utilizate cu precau\u021bie.<br \/>\nCiti\u021bi eticheta \u0219i informa\u021biile produsului \u00eenainte de fiecare utilizare.<\/p>\n","protected":false},"excerpt":{"rendered":"<p>Aerosol activ formulat cu precizie pentru cur\u0103\u021barea, revigorarea, degajarea de fum \u0219i dezinfec\u021bia evaporatoarelor, condensatoarelor aparatelor de aer condi\u021bionat \u0219i altor componente ale echipamentelor HVAC de climatizare \u0219i refrigerare.<br \/>\nSingura formul\u0103 cu SPECTRU BIOCIDAL COMPLET (p\u00e2n\u0103 la 15 minute).<br \/>\nL\u0103s\u0103 un miros pl\u0103cut \u0219i revigorant.<\/p>\n<p><strong>\u2022 REVIGORARE<\/strong>. \u00cendep\u0103rteaz\u0103 mirosurile nepl\u0103cute, l\u0103s\u00e2nd un miros pl\u0103cut pentru mai mult timp.<br \/>\n\u2022 <strong>CONFIDEN\u021a\u0102<\/strong>.<br \/>\nSPECTRU BIOCIDAL COMPLET: Viru\u0219i, fungi, bacterii, spori, micobacterii. Legionella pneumophila \u00een 1 minut.<br \/>\n\u2022 <strong>EFICIEN\u021a\u0102<\/strong>. Confirmat\u0103 prin teste conform standardelor europene: EN1040, EN13727, EN1276, EN13697, EN13623, EN1275, EN1650, EN14476, EN13704, EN14348<br \/>\n\u2022 <strong>EFICIEN\u021aA CUR\u0102\u021aENIEI<\/strong>. Datorit\u0103 bazei active multicomponente.<br \/>\n\u2022 <strong>CLIEN\u021aI SATISF\u0102CU\u021aI<\/strong>. Cu cur\u0103\u021bare \u0219i dezinfec\u021bie eficient\u0103.<br \/>\nTOATE \u00ceN UNU = CUR\u0102\u021aARE + REVIGORARE + DEGJARE DE FUM + DEZINFEC\u021aIE = 1 PRODUS = 1 PROCES<\/p>\n","protected":false},"featured_media":9337,"comment_status":"open","ping_status":"closed","template":"","meta":[],"product_brand":[],"product_cat":[351],"product_tag":[],"class_list":{"0":"post-9260","1":"product","2":"type-product","3":"status-publish","4":"has-post-thumbnail","6":"product_cat-hvac-ro","7":"pa_capacity-400-ml-ro","9":"first","10":"instock","11":"featured","12":"taxable","13":"shipping-taxable","14":"product-type-simple"},"_links":{"self":[{"href":"https:\/\/www.nanoclean-air.com\/ro\/wp-json\/wp\/v2\/product\/9260","targetHints":{"allow":["GET"]}}],"collection":[{"href":"https:\/\/www.nanoclean-air.com\/ro\/wp-json\/wp\/v2\/product"}],"about":[{"href":"https:\/\/www.nanoclean-air.com\/ro\/wp-json\/wp\/v2\/types\/product"}],"replies":[{"embeddable":true,"href":"https:\/\/www.nanoclean-air.com\/ro\/wp-json\/wp\/v2\/comments?post=9260"}],"wp:featuredmedia":[{"embeddable":true,"href":"https:\/\/www.nanoclean-air.com\/ro\/wp-json\/wp\/v2\/media\/9337"}],"wp:attachment":[{"href":"https:\/\/www.nanoclean-air.com\/ro\/wp-json\/wp\/v2\/media?parent=9260"}],"wp:term":[{"taxonomy":"product_brand","embeddable":true,"href":"https:\/\/www.nanoclean-air.com\/ro\/wp-json\/wp\/v2\/product_brand?post=9260"},{"taxonomy":"product_cat","embeddable":true,"href":"https:\/\/www.nanoclean-air.com\/ro\/wp-json\/wp\/v2\/product_cat?post=9260"},{"taxonomy":"product_tag","embeddable":true,"href":"https:\/\/www.nanoclean-air.com\/ro\/wp-json\/wp\/v2\/product_tag?post=9260"}],"curies":[{"name":"wp","href":"https:\/\/api.w.org\/{rel}","templated":true}]}}