{"id":9777,"date":"2024-04-08T07:37:09","date_gmt":"2024-04-08T05:37:09","guid":{"rendered":"https:\/\/www.nanoclean-air.com\/?post_type=product&#038;p=9777"},"modified":"2024-11-19T15:41:24","modified_gmt":"2024-11-19T14:41:24","slug":"nanoclean-air-ready-to-use-5l-pentru-curatare-reimprospatare-dezinfumigare-si-dezinfectare","status":"publish","type":"product","link":"https:\/\/www.nanoclean-air.com\/ro\/product\/nanoclean-air-ready-to-use-5l-pentru-curatare-reimprospatare-dezinfumigare-si-dezinfectare\/","title":{"rendered":"NANOCLEAN\u00ae AIR Ready to use 5l, pentru cur\u0103\u021bare, re\u00eemprosp\u0103tare, dezinfumigare \u0219i dezinfectare"},"content":{"rendered":"<p><strong>CUR\u0102\u021aARE, RE\u00ceMPROSP\u0102TARE A AERULUI CONDI\u021aIONAT<\/strong><br \/>\n\u2022 \u00cendep\u0103rteaz\u0103 eficient to\u021bi poluan\u021bii care pot afecta calitatea aerului.<br \/>\n\u2022 Elimina permanent mirosul nepl\u0103cut de ciuperci \u0219i umiditate.<br \/>\n\u2022 Compatibil cu materialele \u2013 formula gata de utilizare este sigur\u0103 pentru majoritatea metalelor, suprafe\u021belor vopsite, cauciucurilor, plasticurilor, \u021bes\u0103turilor.<br \/>\n\u2022 Dup\u0103 evaporare, las\u0103 o suprafa\u021b\u0103 uscat\u0103 \u0219i curat\u0103, rezistent\u0103 la atragerea prafului.<\/p>\n<p><strong>DEZEFUMIGARE \u0218I DEZINFECTARE A AERULUI CONDI\u021aIONAT<\/strong><br \/>\n\u2022 Singura formul\u0103 cu SPECTRU BIOZID COMPLET (Viru\u0219i, Bacterii, Fungi, Micobacterii, Spori p\u00e2n\u0103 la 15 minute).<br \/>\n\u2022 \u00cendep\u0103rteaz\u0103 Legionella pneumophila \u00een 1 minut.<br \/>\n\u2022 Eficien\u021b\u0103 confirmat\u0103 prin teste conform standardelor europene: EN1040, EN13727, EN1276, EN13697, EN13623, EN1275, EN1650, EN14476, EN13704, EN14348.<br \/>\n\u2022 Permis de comercializare a produselor biocide Nr. 7406\/18.<br \/>\n\u2022 Aprobare PZH Nr. B.BK.60112.0333.2023.<br \/>\n\u2022 Un nou standard de siguran\u021b\u0103 \u00eempotriva infec\u021biilor \u0219i contamin\u0103rilor aeriene.<\/p>\n<p><strong>ECONOMISIREA TIMPULUI<\/strong><br \/>\n\u2022 Cur\u0103\u021b\u0103, re\u00eemprosp\u0103teaz\u0103, dezinfumig\u0103, dezinfecteaz\u0103, protejeaz\u0103.<\/p>\n<p><strong>SATISFAC\u021aIA CLIENTULUI<\/strong><br \/>\n\u2022 Arom\u0103 pl\u0103cut\u0103, de lung\u0103 durat\u0103.<br \/>\n\u2022 F\u0103r\u0103 risc de incendiu \u00een timpul depozit\u0103rii \u2013 produs pe baz\u0103 de ap\u0103, non-inflamabil.<br \/>\n\u2022 Nu con\u021bine acizi, fenoli (periculo\u0219i pentru femeile \u00eens\u0103rcinate, animale) \u0219i solven\u021bi organici.<br \/>\n\u2022 Satisfac\u021bie complet\u0103 a clien\u021bilor \u2013 f\u0103r\u0103 pl\u00e2ngeri.<\/p>\n<p>Produsele biocide trebuie utilizate cu precau\u021bie.<br \/>\nCiti\u021bi eticheta \u0219i informa\u021biile produsului \u00eenainte de fiecare utilizare.<\/p>\n","protected":false},"excerpt":{"rendered":"<p><strong>dezinfectare<\/strong><br \/>\nSingura formul\u0103 de pe pia\u021b\u0103 pentru cur\u0103\u021barea, re\u00eemprosp\u0103tarea, dezinfumigarea \u0219i dezinfectarea evaporatoarelor \u0219i condensatoarelor aparatelor de aer condi\u021bionat \u0219i altor echipamente HVAC de aer condi\u021bionat \u0219i refrigerare cu spectru biozid complet \u00eentr-un interval de p\u00e2n\u0103 la 15 minute. \u00cendep\u0103rteaz\u0103 eficient toate poluan\u021bii care pot afecta calitatea aerului. Las\u0103 o arom\u0103 proasp\u0103t\u0103.<br \/>\n\u2022 <strong>FRESHNESS.<\/strong> \u00cendep\u0103rteaz\u0103 mirosurile nepl\u0103cute l\u0103s\u00e2nd un miros pl\u0103cut pe o perioad\u0103 mai lung\u0103.<br \/>\n\u2022 <strong>CONFIDEN\u021a\u0102.<\/strong> SPECTRU BIOZID COMPLET: Viru\u0219i, fungi, bacterii, spori, micobacterii. Legionella pneumophila \u00een 1 minut.<br \/>\n\u2022 <strong>EFICIEN\u021a\u0102.<\/strong> Confirmat\u0103 prin teste conform standardelor europene: EN1040, EN13727, EN1276, EN13697, EN13623, EN1275, EN1650, EN14476, EN13704, EN14348.<br \/>\n\u2022 <strong>EFICIEN\u021a\u0102 \u00ceN CUR\u0102\u021aARE.<\/strong> Datorit\u0103 bazei active multicomponente.<br \/>\n\u2022 <strong>CLIENTI SATISFA\u021aI.<\/strong> Cu cur\u0103\u021bare \u0219i dezinfectare eficient\u0103.<br \/>\n<strong>TOTUL \u00ceN UNUL = CUR\u0102\u021aARE + RE\u00ceMPROSP\u0102TARE + DE-ZEFUMIGARE + DEZINFECTARE = 1 PRODUS = 1 PROCES<\/strong><\/p>\n","protected":false},"featured_media":9778,"comment_status":"open","ping_status":"closed","template":"","meta":[],"product_brand":[],"product_cat":[351],"product_tag":[],"class_list":{"0":"post-9777","1":"product","2":"type-product","3":"status-publish","4":"has-post-thumbnail","6":"product_cat-hvac-ro","7":"pa_capacity-5-l-ro","8":"pa_smell-citrus-ro","9":"pa_smell-fara-miros","10":"pa_smell-lavanda-ro","11":"pa_smell-orchidea-ro","13":"first","14":"instock","15":"featured","16":"taxable","17":"shipping-taxable","18":"product-type-variable"},"_links":{"self":[{"href":"https:\/\/www.nanoclean-air.com\/ro\/wp-json\/wp\/v2\/product\/9777","targetHints":{"allow":["GET"]}}],"collection":[{"href":"https:\/\/www.nanoclean-air.com\/ro\/wp-json\/wp\/v2\/product"}],"about":[{"href":"https:\/\/www.nanoclean-air.com\/ro\/wp-json\/wp\/v2\/types\/product"}],"replies":[{"embeddable":true,"href":"https:\/\/www.nanoclean-air.com\/ro\/wp-json\/wp\/v2\/comments?post=9777"}],"wp:featuredmedia":[{"embeddable":true,"href":"https:\/\/www.nanoclean-air.com\/ro\/wp-json\/wp\/v2\/media\/9778"}],"wp:attachment":[{"href":"https:\/\/www.nanoclean-air.com\/ro\/wp-json\/wp\/v2\/media?parent=9777"}],"wp:term":[{"taxonomy":"product_brand","embeddable":true,"href":"https:\/\/www.nanoclean-air.com\/ro\/wp-json\/wp\/v2\/product_brand?post=9777"},{"taxonomy":"product_cat","embeddable":true,"href":"https:\/\/www.nanoclean-air.com\/ro\/wp-json\/wp\/v2\/product_cat?post=9777"},{"taxonomy":"product_tag","embeddable":true,"href":"https:\/\/www.nanoclean-air.com\/ro\/wp-json\/wp\/v2\/product_tag?post=9777"}],"curies":[{"name":"wp","href":"https:\/\/api.w.org\/{rel}","templated":true}]}}