{"id":8772,"date":"2024-11-12T12:16:49","date_gmt":"2024-11-12T11:16:49","guid":{"rendered":"https:\/\/www.nanoclean-air.com\/?post_type=product&#038;p=8772"},"modified":"2024-11-14T13:23:08","modified_gmt":"2024-11-14T12:23:08","slug":"nanoclean-ac-foam-spray","status":"publish","type":"product","link":"https:\/\/www.nanoclean-air.com\/sk\/product\/nanoclean-ac-foam-spray\/","title":{"rendered":"NANOCLEAN AC FOAM SPRAY"},"content":{"rendered":"<p><strong>Hlavn\u00e9 vlastnosti:<\/strong><br \/>\n\u2022 <strong>Siln\u00e1 akt\u00edvna formula:<\/strong> \u010cist\u00ed, odmas\u0165uje, odstra\u0148uje \u0161kvrny a osvie\u017euje povrchy.<br \/>\n\u2022 <strong>\u0160irok\u00e1 kompatibilita:<\/strong> Bezpe\u010dn\u00e9 na pou\u017eitie na tvrd\u00fdch aj m\u00e4kk\u00fdch povrchoch, ako s\u00fa plast, kov (vr\u00e1tane natret\u00e9ho kovu), drevo, ko\u017ea, sklo a tkaniny.<br \/>\n\u2022 <strong>\u00da\u010dinn\u00e9 na r\u00f4zne ne\u010distoty:<\/strong> Odstra\u0148uje mastnotu, oleje, atramenty, lepidl\u00e1, zvy\u0161ky n\u00e1lepiek, odtla\u010dky prstov a \u010fal\u0161ie be\u017en\u00e9 ne\u010distoty.<br \/>\n\u2022 <strong>Pr\u00edjemn\u00e1 svie\u017ea v\u00f4\u0148a:<\/strong> Zanech\u00e1va \u010dist\u00fa, osvie\u017euj\u00facu v\u00f4\u0148u po ka\u017edom pou\u017eit\u00ed.<br \/>\n\u2022 <strong>Antistatick\u00e1 ochrana:<\/strong> Predch\u00e1dza hromadeniu prachu na o\u0161etren\u00fdch povrchoch.<br \/>\n\u2022 <strong>\u010cistenie bez vody:<\/strong> Na \u010distenie povrchov nie je potrebn\u00e1 voda \u2013 jednoducho nastriekajte a utrite!<\/p>\n<p><strong>Aplik\u00e1cie:<\/strong><br \/>\n\u2022 Klimatiza\u010dn\u00e9 jednotky po\u010das in\u0161tal\u00e1cie alebo \u00fadr\u017eby (krytky, filtre, mechanizmy, n\u00e1stroje a odstra\u0148ovanie odtla\u010dkov prstov).<br \/>\n\u2022 Vhodn\u00e9 pre kancel\u00e1rie, dom\u00e1cnosti, dielne, v\u00fdrobn\u00e9 haly, k\u00fape\u013ene, kuchyne a \u010fal\u0161ie.<br \/>\n\u2022 Ide\u00e1lne na \u010distenie strojov, elektronick\u00fdch zariaden\u00ed, dom\u00e1cich spotrebi\u010dov, po\u010d\u00edta\u010dov, \u0161portov\u00e9ho vybavenia, vozidiel a automobilov.<\/p>\n<p><strong>N\u00e1vod na pou\u017eitie:<\/strong><\/p>\n<ol>\n<li>Pred pou\u017eit\u00edm otestujte produkt na menej vidite\u013enej ploche.<\/li>\n<li>Pred pou\u017eit\u00edm d\u00f4kladne pretrepte plechovku.<\/li>\n<li>Nastra\u0148te na povrch zo vzdialenosti 5-15 cm alebo na utierku.<\/li>\n<li>Povrch osu\u0161te pomocou mikrovl\u00e1knovej utierky.<\/li>\n<\/ol>\n<p><strong>Pozn\u00e1mka:<\/strong> Ur\u010den\u00e9 iba na profesion\u00e1lne pou\u017eitie.<\/p>\n<p>NANOCLEAN AC FOAM SPRAY je va\u0161\u00edm rie\u0161en\u00edm pre r\u00fdchle a efekt\u00edvne \u010distenie, ktor\u00e9 vracia povrchom ich prirodzen\u00fd vzh\u013ead, \u010do ho rob\u00ed ide\u00e1lnym pre \u0161irok\u00fa \u0161k\u00e1lu odvetv\u00ed a aplik\u00e1ci\u00ed.<\/p>\n","protected":false},"excerpt":{"rendered":"<p><strong>Univerz\u00e1lna akt\u00edvna \u010distiaca pena (400 ml)<\/strong><br \/>\n<strong>Perfektn\u00e9 rie\u0161enie pre efekt\u00edvne \u010distenie bez vody<\/strong><\/p>\n<p>NANOCLEAN AC FOAM SPRAY je siln\u00e1, v\u0161estrann\u00e1 \u010distiaca pena navrhnut\u00e1 pre klimatiza\u010dn\u00e9 syst\u00e9my po\u010das in\u0161tal\u00e1cie a \u00fadr\u017eby, ale vhodn\u00e1 aj na \u0161irok\u00fa \u0161k\u00e1lu \u010fal\u0161\u00edch \u010distiacich \u00faloh. T\u00e1to bezvodn\u00e1 formula efekt\u00edvne odstra\u0148uje ne\u010distoty, mastnotu, oleje, \u0161kvrny, odtla\u010dky prstov, lepidl\u00e1 a \u010fal\u0161ie, pri\u010dom zanech\u00e1va povrchy bez \u0161kv\u0155n a osvie\u017een\u00e9 \u2013 bez potreby vody.<\/p>\n","protected":false},"featured_media":8780,"comment_status":"closed","ping_status":"closed","template":"","meta":[],"product_brand":[],"product_cat":[352],"product_tag":[],"class_list":{"0":"post-8772","1":"product","2":"type-product","3":"status-publish","4":"has-post-thumbnail","6":"product_cat-hvac-sk","8":"first","9":"instock","10":"taxable","11":"shipping-taxable","12":"product-type-simple"},"_links":{"self":[{"href":"https:\/\/www.nanoclean-air.com\/sk\/wp-json\/wp\/v2\/product\/8772","targetHints":{"allow":["GET"]}}],"collection":[{"href":"https:\/\/www.nanoclean-air.com\/sk\/wp-json\/wp\/v2\/product"}],"about":[{"href":"https:\/\/www.nanoclean-air.com\/sk\/wp-json\/wp\/v2\/types\/product"}],"replies":[{"embeddable":true,"href":"https:\/\/www.nanoclean-air.com\/sk\/wp-json\/wp\/v2\/comments?post=8772"}],"wp:featuredmedia":[{"embeddable":true,"href":"https:\/\/www.nanoclean-air.com\/sk\/wp-json\/wp\/v2\/media\/8780"}],"wp:attachment":[{"href":"https:\/\/www.nanoclean-air.com\/sk\/wp-json\/wp\/v2\/media?parent=8772"}],"wp:term":[{"taxonomy":"product_brand","embeddable":true,"href":"https:\/\/www.nanoclean-air.com\/sk\/wp-json\/wp\/v2\/product_brand?post=8772"},{"taxonomy":"product_cat","embeddable":true,"href":"https:\/\/www.nanoclean-air.com\/sk\/wp-json\/wp\/v2\/product_cat?post=8772"},{"taxonomy":"product_tag","embeddable":true,"href":"https:\/\/www.nanoclean-air.com\/sk\/wp-json\/wp\/v2\/product_tag?post=8772"}],"curies":[{"name":"wp","href":"https:\/\/api.w.org\/{rel}","templated":true}]}}