{"id":8905,"date":"2024-11-13T14:42:45","date_gmt":"2024-11-13T13:42:45","guid":{"rendered":"https:\/\/www.nanoclean-air.com\/?post_type=product&#038;p=8905"},"modified":"2024-11-14T13:23:06","modified_gmt":"2024-11-14T12:23:06","slug":"nanoclean-ac-foamclean-rtu-cistiaci-penovy-prostriedok-ready-to-use","status":"publish","type":"product","link":"https:\/\/www.nanoclean-air.com\/sk\/product\/nanoclean-ac-foamclean-rtu-cistiaci-penovy-prostriedok-ready-to-use\/","title":{"rendered":"NANOCLEAN AC FOAMCLEAN RTU \u2013 \u010cistiaci Penov\u00fd Prostriedok Ready-to-Use"},"content":{"rendered":"<p><strong>K\u013e\u00fa\u010dov\u00e9 vlastnosti:<\/strong><\/p>\n<ul>\n<li><strong>Siln\u00e1 \u010distiaca akcia:<\/strong> \u00da\u010dinne odstra\u0148uje mastnotu, oleje, vosky, tuky, \u0161pinu z ciest a \u017eelezn\u00edc, \u017eivicu, atrament, zaschnut\u00e9 \u0161kvrny, bit\u00famenov\u00e9 zne\u010distenie, zvy\u0161ky tabaku, krv, mach, listy, tr\u00e1vu a \u010fal\u0161ie.<\/li>\n<li><strong>Univerz\u00e1lne pou\u017eitie:<\/strong> Ide\u00e1lny na \u010distenie klimatiza\u010dn\u00fdch jednotiek (kondenz\u00e1torov), v\u00fdmenn\u00edkov tepla, ventila\u010dn\u00fdch kan\u00e1lov, ventil\u00e1torov, vzduchov\u00fdch distribu\u010dn\u00fdch syst\u00e9mov, odkvapov\u00fdch misiek a \u010fal\u0161\u00edch mechanick\u00fdch \u010dast\u00ed. Je tie\u017e vynikaj\u00faci na \u010distenie povrchov dopravn\u00fdch prostriedkov (n\u00e1kladn\u00e9 aut\u00e1, aut\u00e1, lokomot\u00edvy, vlaky) a priemyseln\u00fdch strojov, \u010d\u00edm zaru\u010duje bezchybn\u00e9 \u010distenie.<\/li>\n<li><strong>Prenik\u00e1 a uvo\u013e\u0148uje zne\u010distenia:<\/strong> Akt\u00edvna pena hlboko prenik\u00e1, rozklad\u00e1 a rozp\u00fa\u0161\u0165a odoln\u00e9 ne\u010distoty a zvy\u0161ky, \u010d\u00edm je ide\u00e1lna na vysoko v\u00fdkonn\u00e9 \u010distenie bez potreby drhnutia.<\/li>\n<li><strong>Bezpe\u010dn\u00e9 pre viacero povrchov:<\/strong> Kompatibiln\u00fd s r\u00f4znymi materi\u00e1lmi, vr\u00e1tane natret\u00fdch povrchov, plastov, elastom\u00e9rov, tkan\u00edn, dreva, keramiky, kovov (vr\u00e1tane hlin\u00edka a zliatin medi, za predpokladu, \u017ee po \u010disten\u00ed povrch opl\u00e1chnete vodou) a \u010fal\u0161\u00edch.<\/li>\n<li><strong>Bez kvapkania:<\/strong> Pena s vysokou adh\u00e9ziou sa dr\u017e\u00ed na vertik\u00e1lnych povrchoch a\u017e 5 min\u00fat, \u010do umo\u017e\u0148uje efekt\u00edvnej\u0161ie a bezdotykov\u00e9 \u010distenie.<\/li>\n<li><strong>Ekologick\u00fd:<\/strong> Biologicky odb\u00farate\u013en\u00fd pod\u013ea \u0161tandardov OECD.<\/li>\n<li><strong>\u00dasporn\u00fd a efekt\u00edvny:<\/strong> Vysoko ekonomick\u00e9 rie\u0161enie, ktor\u00e9 vy\u017eaduje minim\u00e1lne mno\u017estvo produktu pre maxim\u00e1lne v\u00fdsledky.<\/li>\n<\/ul>\n<p><strong>Pou\u017eitie:<\/strong><\/p>\n<ul>\n<li>Ide\u00e1lny na \u010distenie vonkaj\u0161\u00edch klimatiza\u010dn\u00fdch zariaden\u00ed, ako s\u00fa kondenz\u00e1tory a odparova\u010de.<\/li>\n<li>Vhodn\u00fd na \u010distenie kuch\u00fd\u0148, barov, ventila\u010dn\u00fdch kan\u00e1lov v potravin\u00e1rskych prev\u00e1dzkach a priemyseln\u00fdch zariaden\u00ed, ako s\u00fa vzduchov\u00e9 filtre, mechanick\u00e9 \u010dasti a ventil\u00e1tory.<\/li>\n<li>Odpor\u00fa\u010da sa na \u010distenie dopravn\u00fdch vozidiel, vr\u00e1tane n\u00e1kladn\u00fdch \u00e1ut, vlakov, lokomot\u00edv a autobusov.<\/li>\n<li>Efekt\u00edvne odstra\u0148uje organick\u00e9 a priemyseln\u00e9 \u0161kvrny z podl\u00e1h, stien a dokonca aj stre\u0161n\u00fdch povrchov.<\/li>\n<\/ul>\n<p><strong>N\u00e1vod na pou\u017eitie:<\/strong><\/p>\n<ol>\n<li>Nasprejujte priamo na povrch, ktor\u00fd chcete vy\u010disti\u0165.<\/li>\n<li>Nechajte penu p\u00f4sobi\u0165 3-5 min\u00fat, aby sa rozlo\u017eili zne\u010distenia.<\/li>\n<li>Pre manu\u00e1lne \u010distenie pou\u017eite prilo\u017een\u00fd penov\u00fd nadstavec, aby pena zostala na mieste.<\/li>\n<li>Po uplynut\u00ed doby \u010dakania opl\u00e1chnite vysokotlakovou vodou. V pr\u00edpade potreby opakujte.<\/li>\n<\/ol>\n<p><strong>Bezpe\u010dnos\u0165:<\/strong> Pou\u017e\u00edvajte vhodn\u00e9 ochrann\u00e9 oble\u010denie pod\u013ea povahy \u00falohy. Pred pou\u017eit\u00edm v\u017edy odkazujte na bezpe\u010dnostn\u00fd list (SDS).<\/p>\n<p><strong>NANOCLEAN AC FOAMCLEAN RTU je ide\u00e1lnym rie\u0161en\u00edm pre vynikaj\u00face, bezpe\u010dn\u00e9 a efekt\u00edvne \u010distenie, ktor\u00e9 prin\u00e1\u0161a v\u00fdnimo\u010dn\u00e9 v\u00fdsledky s minim\u00e1lnym \u00fasil\u00edm!<\/strong><\/p>\n","protected":false},"excerpt":{"rendered":"<p>NANOCLEAN AC FOAMCLEAN RTU je siln\u00fd, pripraven\u00fd na pou\u017eitie alkalick\u00fd penov\u00fd \u010distiaci prostriedok navrhnut\u00fd pre n\u00e1ro\u010dn\u00e9 \u010distiace aplik\u00e1cie. Ide\u00e1lny na \u010distenie \u0161irokej \u0161k\u00e1ly povrchov a zariaden\u00ed v odvetviach, ako s\u00fa HVAC, automobilov\u00fd priemysel, gastronomick\u00e9 slu\u017eby a \u010fal\u0161ie, tento vysoko efekt\u00edvny \u010disti\u010d sa vysporiada aj s najodolnej\u0161\u00edmi zne\u010dis\u0165uj\u00facimi l\u00e1tkami.<\/p>\n","protected":false},"featured_media":8779,"comment_status":"closed","ping_status":"closed","template":"","meta":[],"product_brand":[],"product_cat":[352],"product_tag":[],"class_list":{"0":"post-8905","1":"product","2":"type-product","3":"status-publish","4":"has-post-thumbnail","6":"product_cat-hvac-sk","8":"first","9":"instock","10":"taxable","11":"shipping-taxable","12":"product-type-simple"},"_links":{"self":[{"href":"https:\/\/www.nanoclean-air.com\/sk\/wp-json\/wp\/v2\/product\/8905","targetHints":{"allow":["GET"]}}],"collection":[{"href":"https:\/\/www.nanoclean-air.com\/sk\/wp-json\/wp\/v2\/product"}],"about":[{"href":"https:\/\/www.nanoclean-air.com\/sk\/wp-json\/wp\/v2\/types\/product"}],"replies":[{"embeddable":true,"href":"https:\/\/www.nanoclean-air.com\/sk\/wp-json\/wp\/v2\/comments?post=8905"}],"wp:featuredmedia":[{"embeddable":true,"href":"https:\/\/www.nanoclean-air.com\/sk\/wp-json\/wp\/v2\/media\/8779"}],"wp:attachment":[{"href":"https:\/\/www.nanoclean-air.com\/sk\/wp-json\/wp\/v2\/media?parent=8905"}],"wp:term":[{"taxonomy":"product_brand","embeddable":true,"href":"https:\/\/www.nanoclean-air.com\/sk\/wp-json\/wp\/v2\/product_brand?post=8905"},{"taxonomy":"product_cat","embeddable":true,"href":"https:\/\/www.nanoclean-air.com\/sk\/wp-json\/wp\/v2\/product_cat?post=8905"},{"taxonomy":"product_tag","embeddable":true,"href":"https:\/\/www.nanoclean-air.com\/sk\/wp-json\/wp\/v2\/product_tag?post=8905"}],"curies":[{"name":"wp","href":"https:\/\/api.w.org\/{rel}","templated":true}]}}