{"id":8944,"date":"2024-11-13T15:05:29","date_gmt":"2024-11-13T14:05:29","guid":{"rendered":"https:\/\/www.nanoclean-air.com\/?post_type=product&#038;p=8944"},"modified":"2024-11-14T13:23:05","modified_gmt":"2024-11-14T12:23:05","slug":"nanoclean-ac-descaler-eco-bezpecny-kyselinovy-prostriedok-na-odstranovanie-vodneho-kamena","status":"publish","type":"product","link":"https:\/\/www.nanoclean-air.com\/sk\/product\/nanoclean-ac-descaler-eco-bezpecny-kyselinovy-prostriedok-na-odstranovanie-vodneho-kamena\/","title":{"rendered":"NANOCLEAN AC DESCALER ECO \u2013 Bezpe\u010dn\u00fd Kyselinov\u00fd Prostriedok na Odstra\u0148ovanie Vodn\u00e9ho Kame\u0148a"},"content":{"rendered":"<p><strong>K\u013e\u00fa\u010dov\u00e9 vlastnosti:<\/strong><\/p>\n<ul>\n<li><strong>\u00da\u010dinn\u00fd a r\u00fdchlo p\u00f4sobiaci:<\/strong> R\u00fdchlo rozp\u00fa\u0161\u0165a r\u00f4zne druhy vodn\u00e9ho kame\u0148a a zvy\u0161ky, vr\u00e1tane v\u00e1penn\u00e9ho povlaku, usaden\u00edn z kotlov, hrdze a organick\u00fdch usaden\u00edn.<\/li>\n<li><strong>Bezpe\u010dn\u00fd pre r\u00f4zne povrchy:<\/strong> Ide\u00e1lny na pou\u017eitie na \u017eelezo a ne\u017eelezn\u00e9 kovy ako hlin\u00edk, me\u010f, mosadz, zinok a nerezov\u00e1 oce\u013e, ako aj na v\u00e4\u010d\u0161inu n\u00e1terov, plastov, gumy a tesnen\u00ed.<\/li>\n<li><strong>Inhib\u00edtory kor\u00f3zie:<\/strong> Obsahuje \u0161pecializovan\u00e9 pr\u00edsady, ktor\u00e9 chr\u00e1nia kovov\u00e9 povrchy po\u010das \u010distenia.<\/li>\n<li><strong>Ekologick\u00fd:<\/strong> Biologicky odb\u00farate\u013en\u00fd pod\u013ea \u0161tandardov OECD, \u010d\u00edm zabezpe\u010duje ni\u017e\u0161\u00ed vplyv na \u017eivotn\u00e9 prostredie.<\/li>\n<li><strong>Univerz\u00e1lny:<\/strong> Ide\u00e1lny na \u010distenie tepeln\u00fdch v\u00fdmenn\u00edkov, kotlov, radi\u00e1torov, vykurovac\u00edch syst\u00e9mov, chladiacich slu\u010diek, kondenz\u00e1torov, filtrov a \u010fal\u0161\u00edch priemyseln\u00fdch komponentov.<\/li>\n<li><strong>Jednoduch\u00e9 pou\u017eitie:<\/strong> N\u00edzko peniv\u00e1 formula zaru\u010duje bezprobl\u00e9mov\u00e9 \u010distenie met\u00f3dami ako pon\u00e1ranie, striekanie, ru\u010dn\u00e9 \u010distenie a jemn\u00e9 kefovanie.<\/li>\n<\/ul>\n<p><strong>Aplik\u00e1cie:<\/strong><\/p>\n<ul>\n<li><strong>Chladiace slu\u010dky, tepeln\u00e9 v\u00fdmenn\u00edky a kondenz\u00e1tory:<\/strong> \u00da\u010dinn\u00e9 pri odstra\u0148ovan\u00ed vodn\u00e9ho kame\u0148a a zlep\u0161ovan\u00ed \u00fa\u010dinnosti.<\/li>\n<li><strong>Kotly a radi\u00e1tory:<\/strong> Bezpe\u010dne \u010dist\u00ed a odstra\u0148uje vodn\u00fd kame\u0148 z uzavret\u00fdch vykurovac\u00edch syst\u00e9mov.<\/li>\n<li><strong>Odstra\u0148ovanie hrdze a vodn\u00e9ho kame\u0148a:<\/strong> Ide\u00e1lne na odstra\u0148ovanie hrdze z korodovan\u00fdch \u010dast\u00ed a odstra\u0148ovanie odoln\u00fdch usaden\u00edn z r\u00f4znych povrchov.<\/li>\n<li><strong>In\u00e9 priemyseln\u00e9 zariadenia:<\/strong> V\u00fdborn\u00e9 na \u010distenie podnosov, odvod\u0148ovac\u00edch kan\u00e1lov, filtrov a \u010fal\u0161\u00edch.<\/li>\n<\/ul>\n<p><strong>Ako pou\u017e\u00edva\u0165:<\/strong><\/p>\n<ul>\n<li><strong>NANOCLEAN AC DESCALER ECO<\/strong> zmie\u0161ajte s vodou v z\u00e1vislosti od aplik\u00e1cie:\n<ul>\n<li><strong>5% (1:20)<\/strong> \u2013 Pre jemn\u00e9 manu\u00e1lne \u010distenie delik\u00e1tnych kovov.<\/li>\n<li><strong>20% (1:5)<\/strong> \u2013 Pre odstra\u0148ovanie vodn\u00e9ho kame\u0148a z uzavret\u00fdch vykurovac\u00edch syst\u00e9mov.<\/li>\n<li><strong>25% (1:4)<\/strong> \u2013 Pre \u010distenie pon\u00e1ran\u00edm alebo \u0165a\u017ek\u00fa \u200b\u200bodstr\u00e1nenie \u0161kv\u0155n a usaden\u00edn.<\/li>\n<li><strong>50% (1:2)<\/strong> \u2013 Pre odstra\u0148ovanie hrdze z korodovan\u00fdch \u010dast\u00ed.<\/li>\n<\/ul>\n<\/li>\n<li><strong>Tip:<\/strong> Zohriatie roztoku na 40-70 \u00b0C ur\u00fdchli proces odstra\u0148ovania vodn\u00e9ho kame\u0148a.<\/li>\n<li>Naneste roztok, po\u010dkajte 5-15 min\u00fat, aby produkt za\u010dal p\u00f4sobi\u0165, a potom d\u00f4kladne opl\u00e1chnite \u010distou vodou pod tlakom.<\/li>\n<li>Po odstra\u0148ovan\u00ed vodn\u00e9ho kame\u0148a vypl\u00e1chnite syst\u00e9m vodou alebo alkalick\u00fdm roztokom, ako je <strong>PV NEW (NU830)<\/strong>, na fin\u00e1lne opl\u00e1chnutie.<\/li>\n<\/ul>\n<p><strong>Pre\u010do si vybra\u0165 NANOCLEAN AC DESCALER ECO?<\/strong><br \/>\n<strong>NANOCLEAN AC DESCALER ECO<\/strong> je vysoko\u00fa\u010dinn\u00e9 rie\u0161enie navrhnut\u00e9 tak, aby bolo bezpe\u010dn\u00e9 a \u00fa\u010dinn\u00e9. Jeho pokro\u010dil\u00e1 formula zabezpe\u010duje r\u00fdchle a efekt\u00edvne \u010distenie, pri\u010dom chr\u00e1ni va\u0161e zariadenia pred kor\u00f3ziou a po\u0161koden\u00edm. Jeho ekologick\u00e9 vlastnosti ho robia vhodn\u00fdm na pou\u017eitie v r\u00f4znych priemyseln\u00fdch odvetviach, vr\u00e1tane potravin\u00e1rskeho spracovania. S t\u00fdmto v\u00fdkonn\u00fdm odstra\u0148ova\u010dom vodn\u00e9ho kame\u0148a m\u00f4\u017eete pred\u013a\u017ei\u0165 \u017eivotnos\u0165 svojich zariaden\u00ed a zlep\u0161i\u0165 prev\u00e1dzkov\u00fa \u00fa\u010dinnos\u0165, pri\u010dom db\u00e1te na bezpe\u010dnos\u0165 a \u017eivotn\u00e9 prostredie.<\/p>\n<p><strong>Va\u0161e ide\u00e1lne rie\u0161enie pre bezpe\u010dn\u00e9 a efekt\u00edvne odstra\u0148ovanie vodn\u00e9ho kame\u0148a a \u010distenie.<\/strong><\/p>\n","protected":false},"excerpt":{"rendered":"<p>Predstavujeme <strong>NANOCLEAN AC DESCALER ECO<\/strong>, siln\u00fd a bezpe\u010dn\u00fd kyselinov\u00fd prostriedok na odstra\u0148ovanie vodn\u00e9ho kame\u0148a, ktor\u00fd je navrhnut\u00fd na boj proti tvrdej vodnej kamenici, v\u00e1penn\u00fdm usadenin\u00e1m, hrdzi a \u010fal\u0161\u00edm organick\u00fdm zvy\u0161kom. Ide\u00e1lny pre \u0161irok\u00fa \u0161k\u00e1lu priemyseln\u00fdch a \u00fadr\u017eb\u00e1rskych aplik\u00e1ci\u00ed, tento superkoncentr\u00e1t \u00fa\u010dinne odstra\u0148uje v\u00e1penn\u00fd povlak, usadeniny z kotlov, da\u017e\u010fov\u00e9 usadeniny, \u0161kvrny, kor\u00f3ziu a \u010fal\u0161ie.<\/p>\n","protected":false},"featured_media":10545,"comment_status":"closed","ping_status":"closed","template":"","meta":[],"product_brand":[],"product_cat":[352],"product_tag":[],"class_list":{"0":"post-8944","1":"product","2":"type-product","3":"status-publish","4":"has-post-thumbnail","6":"product_cat-hvac-sk","8":"first","9":"instock","10":"taxable","11":"shipping-taxable","12":"product-type-simple"},"_links":{"self":[{"href":"https:\/\/www.nanoclean-air.com\/sk\/wp-json\/wp\/v2\/product\/8944","targetHints":{"allow":["GET"]}}],"collection":[{"href":"https:\/\/www.nanoclean-air.com\/sk\/wp-json\/wp\/v2\/product"}],"about":[{"href":"https:\/\/www.nanoclean-air.com\/sk\/wp-json\/wp\/v2\/types\/product"}],"replies":[{"embeddable":true,"href":"https:\/\/www.nanoclean-air.com\/sk\/wp-json\/wp\/v2\/comments?post=8944"}],"wp:featuredmedia":[{"embeddable":true,"href":"https:\/\/www.nanoclean-air.com\/sk\/wp-json\/wp\/v2\/media\/10545"}],"wp:attachment":[{"href":"https:\/\/www.nanoclean-air.com\/sk\/wp-json\/wp\/v2\/media?parent=8944"}],"wp:term":[{"taxonomy":"product_brand","embeddable":true,"href":"https:\/\/www.nanoclean-air.com\/sk\/wp-json\/wp\/v2\/product_brand?post=8944"},{"taxonomy":"product_cat","embeddable":true,"href":"https:\/\/www.nanoclean-air.com\/sk\/wp-json\/wp\/v2\/product_cat?post=8944"},{"taxonomy":"product_tag","embeddable":true,"href":"https:\/\/www.nanoclean-air.com\/sk\/wp-json\/wp\/v2\/product_tag?post=8944"}],"curies":[{"name":"wp","href":"https:\/\/api.w.org\/{rel}","templated":true}]}}