{"id":9816,"date":"2024-04-08T07:36:40","date_gmt":"2024-04-08T05:36:40","guid":{"rendered":"https:\/\/www.nanoclean-air.com\/?post_type=product&#038;p=9816"},"modified":"2024-11-20T07:44:28","modified_gmt":"2024-11-20T06:44:28","slug":"nanoclean-air-ready-to-use-20l-na-cistenie-osviezovanie-de-fumigaciu-a-dezinfekciu","status":"publish","type":"product","link":"https:\/\/www.nanoclean-air.com\/sk\/product\/nanoclean-air-ready-to-use-20l-na-cistenie-osviezovanie-de-fumigaciu-a-dezinfekciu\/","title":{"rendered":"NANOCLEAN\u00ae AIR Ready to use 20l, na \u010distenie, osvie\u017eovanie, de-fumig\u00e1ciu a dezinfekciu"},"content":{"rendered":"<p><strong>\u010cISTENIE, OSVIE\u017dOVANIE KLIMATIZ\u00c1CIE<\/strong><br \/>\n\u2022 Efekt\u00edvne odstra\u0148uje v\u0161etky zne\u010dis\u0165uj\u00face l\u00e1tky, ktor\u00e9 m\u00f4\u017eu ovplyvni\u0165 kvalitu vzduchu.<br \/>\n\u2022 Trvalo odstra\u0148uje nepr\u00edjemn\u00fd z\u00e1pach h\u00fab a vlhkosti.<br \/>\n\u2022 Kompatibiln\u00e9 s materi\u00e1lmi \u2013 pripraven\u00e1 na pou\u017eitie je bezpe\u010dn\u00e1 pre v\u00e4\u010d\u0161inu kovov, natieran\u00fdch povrchov, g\u00fam, plastov, text\u00edli\u00ed.<br \/>\n\u2022 Po odparen\u00ed zanech\u00e1va such\u00fd a \u010dist\u00fd povrch, odoln\u00fd vo\u010di pritiahnutiu prachu.<\/p>\n<p><strong>DE-FUMIG\u00c1CIA A DEZINFEKCIA KLIMATIZ\u00c1CIE<\/strong><br \/>\n\u2022 Jedin\u00e1 formul\u00e1cia s <strong>PLN\u00ddM BIOCID\u00c1LNYM SPECTROM<\/strong> (V\u00edrusy, Bakt\u00e9rie, Huby, Mykobakt\u00e9rie, Sp\u00f3ry a\u017e do 15 min\u00fat).<br \/>\n\u2022 Odstra\u0148uje Legionella pneumophila za 1 min\u00fatu.<br \/>\n\u2022 \u00da\u010dinnos\u0165 potvrden\u00e1 testami pod\u013ea eur\u00f3pskych noriem: EN1040, EN13727, EN1276, EN13697, EN13623, EN1275, EN1650, EN14476, EN13704, EN14348.<br \/>\n\u2022 Bioc\u00eddne povolenie na marketing produktu \u010d. 7406\/18.<br \/>\n\u2022 PZH schv\u00e1lenie \u010d. B.BK.60112.0333.2023.<br \/>\n\u2022 Nov\u00fd \u0161tandard bezpe\u010dnosti proti vzdu\u0161n\u00fdm infekci\u00e1m a kontamin\u00e1cii.<\/p>\n<p><strong>\u0160ETRENIE \u010cASU<\/strong><br \/>\n\u2022 \u010cist\u00ed, osvie\u017euje, de-fumiguje, dezinfikuje, chr\u00e1ni.<\/p>\n<p><strong>SATISFAKCIA Z\u00c1KAZN\u00cdKA<\/strong><br \/>\n\u2022 Pr\u00edjemn\u00e1, dlhotrvaj\u00faca v\u00f4\u0148a.<br \/>\n\u2022 \u017diadne riziko po\u017eiaru po\u010das skladovania \u2013 produkt na b\u00e1ze vody, nehor\u013eav\u00fd.<br \/>\n\u2022 Neobsahuje kyseliny, fenoly (nebezpe\u010dn\u00e9 pre tehotn\u00e9 \u017eeny, zvierat\u00e1) a organick\u00e9 rozp\u00fa\u0161\u0165adl\u00e1.<br \/>\n\u2022 \u00dapln\u00e1 spokojnos\u0165 z\u00e1kazn\u00edka \u2013 \u017eiadne s\u0165a\u017enosti.<\/p>\n<p>Bioc\u00eddne produkty by sa mali pou\u017e\u00edva\u0165 s opatrnos\u0165ou.<br \/>\nPre\u010d\u00edtajte si etiketu a inform\u00e1cie o produkte pred ka\u017ed\u00fdm pou\u017eit\u00edm.<\/p>\n","protected":false},"excerpt":{"rendered":"<p>Jedin\u00e1 formul\u00e1cia na trhu na \u010distenie, osvie\u017eovanie, de-fumig\u00e1ciu a dezinfekciu v\u00fdparn\u00edkov a kondenz\u00e1torov klimatiz\u00e1ci\u00ed a \u010fal\u0161ieho HVAC klimatiza\u010dn\u00e9ho a chladiaceho zariadenia s CEL\u00ddM BIOCID\u00c1LNYM SPEKTRUMOM za menej ako 15 min\u00fat. Efekt\u00edvne odstra\u0148uje v\u0161etky zne\u010dis\u0165uj\u00face l\u00e1tky, ktor\u00e9 m\u00f4\u017eu ovplyvni\u0165 kvalitu vzduchu. Zanech\u00e1va osvie\u017euj\u00facu v\u00f4\u0148u.<br \/>\n\u2022 <strong>OSVIE\u017dENIE.<\/strong> Odstra\u0148uje nepr\u00edjemn\u00fd z\u00e1pach a zanech\u00e1va pr\u00edjemn\u00fa v\u00f4\u0148u po dlh\u0161iu dobu.<br \/>\n\u2022 <strong>D\u00d4VERA.<\/strong> <strong>PLN\u00c9 BIOCID\u00c1LNE SPECTRUM:<\/strong> V\u00edrusy, huby, bakt\u00e9rie, sp\u00f3ry, mykobakt\u00e9rie. Legionella pneumophila za 1 min\u00fatu.<br \/>\n\u2022 <strong>EFEKT\u00cdVNOS\u0164.<\/strong> Potvrden\u00e9 testami pod\u013ea eur\u00f3pskych noriem: EN1040, EN13727, EN1276, EN13697, EN13623, EN1275, EN1650, EN14476, EN13704, EN14348<br \/>\n\u2022 <strong>\u00da\u010cINNOS\u0164 \u010cISTENIA.<\/strong> V\u010faka viaczlo\u017ekovej akt\u00edvnej b\u00e1ze.<br \/>\n\u2022 <strong>SATISFAKCIA Z\u00c1KAZN\u00cdKA.<\/strong> Efekt\u00edvne \u010distenie a dezinfekcia.<br \/>\n<strong>V\u0160ETKO V JEDNOM = \u010cISTENIE + OSVIE\u017dOVANIE + DE-FUMIG\u00c1CIA + DEZINFEKCIA = 1 PRODUKT = 1 PROCES<\/strong><\/p>\n","protected":false},"featured_media":9728,"comment_status":"open","ping_status":"closed","template":"","meta":[],"product_brand":[],"product_cat":[352],"product_tag":[],"class_list":{"0":"post-9816","1":"product","2":"type-product","3":"status-publish","4":"has-post-thumbnail","6":"product_cat-hvac-sk","7":"pa_capacity-20-l-sk","8":"pa_smell-bez-vone","9":"pa_smell-citrusova-sk","10":"pa_smell-levandula","11":"pa_smell-orchidea-sk","13":"first","14":"instock","15":"featured","16":"taxable","17":"shipping-taxable","18":"product-type-variable"},"_links":{"self":[{"href":"https:\/\/www.nanoclean-air.com\/sk\/wp-json\/wp\/v2\/product\/9816","targetHints":{"allow":["GET"]}}],"collection":[{"href":"https:\/\/www.nanoclean-air.com\/sk\/wp-json\/wp\/v2\/product"}],"about":[{"href":"https:\/\/www.nanoclean-air.com\/sk\/wp-json\/wp\/v2\/types\/product"}],"replies":[{"embeddable":true,"href":"https:\/\/www.nanoclean-air.com\/sk\/wp-json\/wp\/v2\/comments?post=9816"}],"wp:featuredmedia":[{"embeddable":true,"href":"https:\/\/www.nanoclean-air.com\/sk\/wp-json\/wp\/v2\/media\/9728"}],"wp:attachment":[{"href":"https:\/\/www.nanoclean-air.com\/sk\/wp-json\/wp\/v2\/media?parent=9816"}],"wp:term":[{"taxonomy":"product_brand","embeddable":true,"href":"https:\/\/www.nanoclean-air.com\/sk\/wp-json\/wp\/v2\/product_brand?post=9816"},{"taxonomy":"product_cat","embeddable":true,"href":"https:\/\/www.nanoclean-air.com\/sk\/wp-json\/wp\/v2\/product_cat?post=9816"},{"taxonomy":"product_tag","embeddable":true,"href":"https:\/\/www.nanoclean-air.com\/sk\/wp-json\/wp\/v2\/product_tag?post=9816"}],"curies":[{"name":"wp","href":"https:\/\/api.w.org\/{rel}","templated":true}]}}